{"id":590,"date":"2023-11-16T18:10:40","date_gmt":"2023-11-16T11:10:40","guid":{"rendered":"https:\/\/41746.phuha.vinawebsite.vn\/thong-tin-thanh-toan\/"},"modified":"2023-11-20T13:42:58","modified_gmt":"2023-11-20T06:42:58","slug":"billing-information","status":"publish","type":"page","link":"https:\/\/ltk-belt.vn\/en\/billing-information\/","title":{"rendered":"Billing Information"},"content":{"rendered":"<p><strong>Steps to place an order:<\/strong><\/p>\n<p>Step 1: Customers search for products on the website<\/p>\n<p>B2: Customers call the hotline for product consultation<\/p>\n<p>B3: Warehouse reports goods to customers.<\/p>\n<p>B4: Customers pay us according to the following account:<\/p>\n<p><strong>Bank\u00a0:<\/strong> ACB-CN An Suong &#8211; Ho Chi Minh City<\/p>\n<p><strong>Account\u00a0:<\/strong> 132250529<\/p>\n<p><strong>Account Owner:<\/strong> Long Thanh Kien LLC<\/p>\n<p>&nbsp;<\/p>\n<p><strong>Bank\u00a0:<\/strong> VPBANK-Go Vap Branch &#8211; Ho Chi Minh City<\/p>\n<p><strong>Account\u00a0:<\/strong> 113081988<\/p>\n<p><strong>Account Owner:<\/strong> Long Thanh Kien LLC<\/p>\n","protected":false},"excerpt":{"rendered":"<p>Steps to place an order: Step 1: Customers search for products on the website B2: Customers call the hotline for product consultation B3: Warehouse reports goods to customers. B4: Customers pay us according to the following account: Bank\u00a0: ACB-CN An Suong &#8211; Ho Chi Minh City Account\u00a0: 132250529 Account Owner: Long Thanh Kien LLC &nbsp;<\/p>\n","protected":false},"author":1,"featured_media":0,"parent":0,"menu_order":0,"comment_status":"closed","ping_status":"closed","template":"","meta":{"footnotes":""},"class_list":["post-590","page","type-page","status-publish","hentry"],"acf":[],"yoast_head":"<!-- This site is optimized with the Yoast SEO plugin v25.1 - https:\/\/yoast.com\/wordpress\/plugins\/seo\/ -->\n<title>Billing Information - C\u00d4NG TY TNHH LONG TH\u00c0NH KI\u00caN<\/title>\n<meta name=\"robots\" content=\"index, follow, max-snippet:-1, max-image-preview:large, max-video-preview:-1\" \/>\n<link rel=\"canonical\" href=\"https:\/\/ltk-belt.vn\/thong-tin-thanh-toan\/\" \/>\n<meta property=\"og:locale\" content=\"en_US\" \/>\n<meta property=\"og:type\" content=\"article\" \/>\n<meta property=\"og:title\" content=\"Billing Information - C\u00d4NG TY TNHH LONG TH\u00c0NH KI\u00caN\" \/>\n<meta property=\"og:description\" content=\"Steps to place an order: Step 1: Customers search for products on the website B2: Customers call the hotline for product consultation B3: Warehouse reports goods to customers. B4: Customers pay us according to the following account: Bank\u00a0: ACB-CN An Suong &#8211; Ho Chi Minh City Account\u00a0: 132250529 Account Owner: Long Thanh Kien LLC &nbsp;\" \/>\n<meta property=\"og:url\" content=\"https:\/\/ltk-belt.vn\/thong-tin-thanh-toan\/\" \/>\n<meta property=\"og:site_name\" content=\"C\u00d4NG TY TNHH LONG TH\u00c0NH KI\u00caN\" \/>\n<meta property=\"article:modified_time\" content=\"2023-11-20T06:42:58+00:00\" \/>\n<meta name=\"twitter:card\" content=\"summary_large_image\" \/>\n<meta name=\"twitter:label1\" content=\"Est. reading time\" \/>\n\t<meta name=\"twitter:data1\" content=\"1 minute\" \/>\n<script type=\"application\/ld+json\" class=\"yoast-schema-graph\">{\"@context\":\"https:\/\/schema.org\",\"@graph\":[{\"@type\":\"WebPage\",\"@id\":\"https:\/\/ltk-belt.vn\/thong-tin-thanh-toan\/\",\"url\":\"https:\/\/ltk-belt.vn\/thong-tin-thanh-toan\/\",\"name\":\"Billing Information - C\u00d4NG TY TNHH LONG TH\u00c0NH KI\u00caN\",\"isPartOf\":{\"@id\":\"https:\/\/ltk-belt.vn\/#website\"},\"datePublished\":\"2023-11-16T11:10:40+00:00\",\"dateModified\":\"2023-11-20T06:42:58+00:00\",\"breadcrumb\":{\"@id\":\"https:\/\/ltk-belt.vn\/thong-tin-thanh-toan\/#breadcrumb\"},\"inLanguage\":\"en-US\",\"potentialAction\":[{\"@type\":\"ReadAction\",\"target\":[\"https:\/\/ltk-belt.vn\/thong-tin-thanh-toan\/\"]}]},{\"@type\":\"BreadcrumbList\",\"@id\":\"https:\/\/ltk-belt.vn\/thong-tin-thanh-toan\/#breadcrumb\",\"itemListElement\":[{\"@type\":\"ListItem\",\"position\":1,\"name\":\"\",\"item\":\"https:\/\/ltk-belt.vn\/en\/\"},{\"@type\":\"ListItem\",\"position\":2,\"name\":\"Billing Information\"}]},{\"@type\":\"WebSite\",\"@id\":\"https:\/\/ltk-belt.vn\/#website\",\"url\":\"https:\/\/ltk-belt.vn\/\",\"name\":\"C\u00d4NG TY TNHH LONG TH\u00c0NH KI\u00caN\",\"description\":\"\",\"potentialAction\":[{\"@type\":\"SearchAction\",\"target\":{\"@type\":\"EntryPoint\",\"urlTemplate\":\"https:\/\/ltk-belt.vn\/?s={search_term_string}\"},\"query-input\":{\"@type\":\"PropertyValueSpecification\",\"valueRequired\":true,\"valueName\":\"search_term_string\"}}],\"inLanguage\":\"en-US\"}]}<\/script>\n<!-- \/ Yoast SEO plugin. -->","yoast_head_json":{"title":"Billing Information - C\u00d4NG TY TNHH LONG TH\u00c0NH KI\u00caN","robots":{"index":"index","follow":"follow","max-snippet":"max-snippet:-1","max-image-preview":"max-image-preview:large","max-video-preview":"max-video-preview:-1"},"canonical":"https:\/\/ltk-belt.vn\/thong-tin-thanh-toan\/","og_locale":"en_US","og_type":"article","og_title":"Billing Information - C\u00d4NG TY TNHH LONG TH\u00c0NH KI\u00caN","og_description":"Steps to place an order: Step 1: Customers search for products on the website B2: Customers call the hotline for product consultation B3: Warehouse reports goods to customers. B4: Customers pay us according to the following account: Bank\u00a0: ACB-CN An Suong &#8211; Ho Chi Minh City Account\u00a0: 132250529 Account Owner: Long Thanh Kien LLC &nbsp;","og_url":"https:\/\/ltk-belt.vn\/thong-tin-thanh-toan\/","og_site_name":"C\u00d4NG TY TNHH LONG TH\u00c0NH KI\u00caN","article_modified_time":"2023-11-20T06:42:58+00:00","twitter_card":"summary_large_image","twitter_misc":{"Est. reading time":"1 minute"},"schema":{"@context":"https:\/\/schema.org","@graph":[{"@type":"WebPage","@id":"https:\/\/ltk-belt.vn\/thong-tin-thanh-toan\/","url":"https:\/\/ltk-belt.vn\/thong-tin-thanh-toan\/","name":"Billing Information - C\u00d4NG TY TNHH LONG TH\u00c0NH KI\u00caN","isPartOf":{"@id":"https:\/\/ltk-belt.vn\/#website"},"datePublished":"2023-11-16T11:10:40+00:00","dateModified":"2023-11-20T06:42:58+00:00","breadcrumb":{"@id":"https:\/\/ltk-belt.vn\/thong-tin-thanh-toan\/#breadcrumb"},"inLanguage":"en-US","potentialAction":[{"@type":"ReadAction","target":["https:\/\/ltk-belt.vn\/thong-tin-thanh-toan\/"]}]},{"@type":"BreadcrumbList","@id":"https:\/\/ltk-belt.vn\/thong-tin-thanh-toan\/#breadcrumb","itemListElement":[{"@type":"ListItem","position":1,"name":"","item":"https:\/\/ltk-belt.vn\/en\/"},{"@type":"ListItem","position":2,"name":"Billing Information"}]},{"@type":"WebSite","@id":"https:\/\/ltk-belt.vn\/#website","url":"https:\/\/ltk-belt.vn\/","name":"C\u00d4NG TY TNHH LONG TH\u00c0NH KI\u00caN","description":"","potentialAction":[{"@type":"SearchAction","target":{"@type":"EntryPoint","urlTemplate":"https:\/\/ltk-belt.vn\/?s={search_term_string}"},"query-input":{"@type":"PropertyValueSpecification","valueRequired":true,"valueName":"search_term_string"}}],"inLanguage":"en-US"}]}},"_links":{"self":[{"href":"https:\/\/ltk-belt.vn\/en\/wp-json\/wp\/v2\/pages\/590","targetHints":{"allow":["GET"]}}],"collection":[{"href":"https:\/\/ltk-belt.vn\/en\/wp-json\/wp\/v2\/pages"}],"about":[{"href":"https:\/\/ltk-belt.vn\/en\/wp-json\/wp\/v2\/types\/page"}],"author":[{"embeddable":true,"href":"https:\/\/ltk-belt.vn\/en\/wp-json\/wp\/v2\/users\/1"}],"replies":[{"embeddable":true,"href":"https:\/\/ltk-belt.vn\/en\/wp-json\/wp\/v2\/comments?post=590"}],"version-history":[{"count":2,"href":"https:\/\/ltk-belt.vn\/en\/wp-json\/wp\/v2\/pages\/590\/revisions"}],"predecessor-version":[{"id":592,"href":"https:\/\/ltk-belt.vn\/en\/wp-json\/wp\/v2\/pages\/590\/revisions\/592"}],"wp:attachment":[{"href":"https:\/\/ltk-belt.vn\/en\/wp-json\/wp\/v2\/media?parent=590"}],"curies":[{"name":"wp","href":"https:\/\/api.w.org\/{rel}","templated":true}]}}