{"id":600,"date":"2023-11-15T14:25:52","date_gmt":"2023-11-15T07:25:52","guid":{"rendered":"https:\/\/41746.phuha.vinawebsite.vn\/gioi-thieu\/"},"modified":"2023-11-20T13:51:37","modified_gmt":"2023-11-20T06:51:37","slug":"introduce","status":"publish","type":"page","link":"https:\/\/ltk-belt.vn\/en\/introduce\/","title":{"rendered":"Introduce"},"content":{"rendered":"<ol>\n<li><strong>History begin<\/strong><\/li>\n<\/ol>\n<p>Originating from reality and requirements to serve industrialization and modernization, Long Thanh Kien Co., Ltd. was established under Business Registration License No. 0311638691 issued by the Business Registration Office &#8211; Department of Planning and Investment. Ho Chi Minh City issued it for the first time on March 17, 2012 and amended it for the fifth time on December 13, 2022.<\/p>\n<ol start=\"2\">\n<li><strong>Thank you<\/strong><\/li>\n<\/ol>\n<p>Since its establishment until now, our company has continuously developed and received the trust of many domestic business partners. Our company always puts sustainable development at the core of our business strategy. In particular, we are not only strong in brand but also strong in human resources. Long Thanh Kien Co., Ltd.&#8217;s human resources are cultivated not only in expertise but also in skills and sense of responsibility to devote themselves to the collective for the company&#8217;s sustainable development mission. Best regards!<\/p>\n","protected":false},"excerpt":{"rendered":"<p>History begin Originating from reality and requirements to serve industrialization and modernization, Long Thanh Kien Co., Ltd. was established under Business Registration License No. 0311638691 issued by the Business Registration Office &#8211; Department of Planning and Investment. Ho Chi Minh City issued it for the first time on March 17, 2012 and amended it for<\/p>\n","protected":false},"author":1,"featured_media":0,"parent":0,"menu_order":0,"comment_status":"closed","ping_status":"closed","template":"page-about.php","meta":{"footnotes":""},"class_list":["post-600","page","type-page","status-publish","hentry"],"acf":[],"yoast_head":"<!-- This site is optimized with the Yoast SEO plugin v25.1 - https:\/\/yoast.com\/wordpress\/plugins\/seo\/ -->\n<title>Introduce - C\u00d4NG TY TNHH LONG TH\u00c0NH KI\u00caN<\/title>\n<meta name=\"robots\" content=\"index, follow, max-snippet:-1, max-image-preview:large, max-video-preview:-1\" \/>\n<link rel=\"canonical\" href=\"https:\/\/ltk-belt.vn\/gioi-thieu\/\" \/>\n<meta property=\"og:locale\" content=\"en_US\" \/>\n<meta property=\"og:type\" content=\"article\" \/>\n<meta property=\"og:title\" content=\"Introduce - C\u00d4NG TY TNHH LONG TH\u00c0NH KI\u00caN\" \/>\n<meta property=\"og:description\" content=\"History begin Originating from reality and requirements to serve industrialization and modernization, Long Thanh Kien Co., Ltd. was established under Business Registration License No. 0311638691 issued by the Business Registration Office &#8211; Department of Planning and Investment. Ho Chi Minh City issued it for the first time on March 17, 2012 and amended it for\" \/>\n<meta property=\"og:url\" content=\"https:\/\/ltk-belt.vn\/gioi-thieu\/\" \/>\n<meta property=\"og:site_name\" content=\"C\u00d4NG TY TNHH LONG TH\u00c0NH KI\u00caN\" \/>\n<meta property=\"article:modified_time\" content=\"2023-11-20T06:51:37+00:00\" \/>\n<meta name=\"twitter:card\" content=\"summary_large_image\" \/>\n<meta name=\"twitter:label1\" content=\"Est. reading time\" \/>\n\t<meta name=\"twitter:data1\" content=\"1 minute\" \/>\n<script type=\"application\/ld+json\" class=\"yoast-schema-graph\">{\"@context\":\"https:\/\/schema.org\",\"@graph\":[{\"@type\":\"WebPage\",\"@id\":\"https:\/\/ltk-belt.vn\/gioi-thieu\/\",\"url\":\"https:\/\/ltk-belt.vn\/gioi-thieu\/\",\"name\":\"Introduce - C\u00d4NG TY TNHH LONG TH\u00c0NH KI\u00caN\",\"isPartOf\":{\"@id\":\"https:\/\/ltk-belt.vn\/#website\"},\"datePublished\":\"2023-11-15T07:25:52+00:00\",\"dateModified\":\"2023-11-20T06:51:37+00:00\",\"breadcrumb\":{\"@id\":\"https:\/\/ltk-belt.vn\/gioi-thieu\/#breadcrumb\"},\"inLanguage\":\"en-US\",\"potentialAction\":[{\"@type\":\"ReadAction\",\"target\":[\"https:\/\/ltk-belt.vn\/gioi-thieu\/\"]}]},{\"@type\":\"BreadcrumbList\",\"@id\":\"https:\/\/ltk-belt.vn\/gioi-thieu\/#breadcrumb\",\"itemListElement\":[{\"@type\":\"ListItem\",\"position\":1,\"name\":\"\",\"item\":\"https:\/\/ltk-belt.vn\/en\/\"},{\"@type\":\"ListItem\",\"position\":2,\"name\":\"Introduce\"}]},{\"@type\":\"WebSite\",\"@id\":\"https:\/\/ltk-belt.vn\/#website\",\"url\":\"https:\/\/ltk-belt.vn\/\",\"name\":\"C\u00d4NG TY TNHH LONG TH\u00c0NH KI\u00caN\",\"description\":\"\",\"potentialAction\":[{\"@type\":\"SearchAction\",\"target\":{\"@type\":\"EntryPoint\",\"urlTemplate\":\"https:\/\/ltk-belt.vn\/?s={search_term_string}\"},\"query-input\":{\"@type\":\"PropertyValueSpecification\",\"valueRequired\":true,\"valueName\":\"search_term_string\"}}],\"inLanguage\":\"en-US\"}]}<\/script>\n<!-- \/ Yoast SEO plugin. -->","yoast_head_json":{"title":"Introduce - C\u00d4NG TY TNHH LONG TH\u00c0NH KI\u00caN","robots":{"index":"index","follow":"follow","max-snippet":"max-snippet:-1","max-image-preview":"max-image-preview:large","max-video-preview":"max-video-preview:-1"},"canonical":"https:\/\/ltk-belt.vn\/gioi-thieu\/","og_locale":"en_US","og_type":"article","og_title":"Introduce - C\u00d4NG TY TNHH LONG TH\u00c0NH KI\u00caN","og_description":"History begin Originating from reality and requirements to serve industrialization and modernization, Long Thanh Kien Co., Ltd. was established under Business Registration License No. 0311638691 issued by the Business Registration Office &#8211; Department of Planning and Investment. Ho Chi Minh City issued it for the first time on March 17, 2012 and amended it for","og_url":"https:\/\/ltk-belt.vn\/gioi-thieu\/","og_site_name":"C\u00d4NG TY TNHH LONG TH\u00c0NH KI\u00caN","article_modified_time":"2023-11-20T06:51:37+00:00","twitter_card":"summary_large_image","twitter_misc":{"Est. reading time":"1 minute"},"schema":{"@context":"https:\/\/schema.org","@graph":[{"@type":"WebPage","@id":"https:\/\/ltk-belt.vn\/gioi-thieu\/","url":"https:\/\/ltk-belt.vn\/gioi-thieu\/","name":"Introduce - C\u00d4NG TY TNHH LONG TH\u00c0NH KI\u00caN","isPartOf":{"@id":"https:\/\/ltk-belt.vn\/#website"},"datePublished":"2023-11-15T07:25:52+00:00","dateModified":"2023-11-20T06:51:37+00:00","breadcrumb":{"@id":"https:\/\/ltk-belt.vn\/gioi-thieu\/#breadcrumb"},"inLanguage":"en-US","potentialAction":[{"@type":"ReadAction","target":["https:\/\/ltk-belt.vn\/gioi-thieu\/"]}]},{"@type":"BreadcrumbList","@id":"https:\/\/ltk-belt.vn\/gioi-thieu\/#breadcrumb","itemListElement":[{"@type":"ListItem","position":1,"name":"","item":"https:\/\/ltk-belt.vn\/en\/"},{"@type":"ListItem","position":2,"name":"Introduce"}]},{"@type":"WebSite","@id":"https:\/\/ltk-belt.vn\/#website","url":"https:\/\/ltk-belt.vn\/","name":"C\u00d4NG TY TNHH LONG TH\u00c0NH KI\u00caN","description":"","potentialAction":[{"@type":"SearchAction","target":{"@type":"EntryPoint","urlTemplate":"https:\/\/ltk-belt.vn\/?s={search_term_string}"},"query-input":{"@type":"PropertyValueSpecification","valueRequired":true,"valueName":"search_term_string"}}],"inLanguage":"en-US"}]}},"_links":{"self":[{"href":"https:\/\/ltk-belt.vn\/en\/wp-json\/wp\/v2\/pages\/600","targetHints":{"allow":["GET"]}}],"collection":[{"href":"https:\/\/ltk-belt.vn\/en\/wp-json\/wp\/v2\/pages"}],"about":[{"href":"https:\/\/ltk-belt.vn\/en\/wp-json\/wp\/v2\/types\/page"}],"author":[{"embeddable":true,"href":"https:\/\/ltk-belt.vn\/en\/wp-json\/wp\/v2\/users\/1"}],"replies":[{"embeddable":true,"href":"https:\/\/ltk-belt.vn\/en\/wp-json\/wp\/v2\/comments?post=600"}],"version-history":[{"count":1,"href":"https:\/\/ltk-belt.vn\/en\/wp-json\/wp\/v2\/pages\/600\/revisions"}],"predecessor-version":[{"id":601,"href":"https:\/\/ltk-belt.vn\/en\/wp-json\/wp\/v2\/pages\/600\/revisions\/601"}],"wp:attachment":[{"href":"https:\/\/ltk-belt.vn\/en\/wp-json\/wp\/v2\/media?parent=600"}],"curies":[{"name":"wp","href":"https:\/\/api.w.org\/{rel}","templated":true}]}}