{"id":603,"date":"2023-11-16T18:12:43","date_gmt":"2023-11-16T11:12:43","guid":{"rendered":"https:\/\/41746.phuha.vinawebsite.vn\/chinh-sach-giao-hang\/"},"modified":"2023-11-20T13:54:06","modified_gmt":"2023-11-20T06:54:06","slug":"delivery-policy","status":"publish","type":"page","link":"https:\/\/ltk-belt.vn\/en\/delivery-policy\/","title":{"rendered":"Delivery policy"},"content":{"rendered":"<h2>Delivery policy of Long Thanh Kien Co., Ltd<\/h2>\n<h3>Delivery costs<\/h3>\n<p>Delivery costs are calculated based on the fees of the delivery service provider, the price must be agreed upon by both parties before delivery.<\/p>\n<h3>Delivery time<\/h3>\n<p>Depending on the delivery location, delivery time may vary and depends on the delivery service provider.<\/p>\n<h3>Delivery scope<\/h3>\n<p>Long Thanh Kien Co., Ltd. delivers nationwide with a team of friendly and enthusiastic staff. In addition, we also cooperate with professional delivery services such as Viettel Post, Giaohangnhanh&#8230;. We always try to ensure that goods are guaranteed and delivered to customers on time or as soon as possible.<\/p>\n","protected":false},"excerpt":{"rendered":"<p>Delivery policy of Long Thanh Kien Co., Ltd Delivery costs Delivery costs are calculated based on the fees of the delivery service provider, the price must be agreed upon by both parties before delivery. Delivery time Depending on the delivery location, delivery time may vary and depends on the delivery service provider. Delivery scope Long<\/p>\n","protected":false},"author":1,"featured_media":0,"parent":0,"menu_order":0,"comment_status":"closed","ping_status":"closed","template":"","meta":{"footnotes":""},"class_list":["post-603","page","type-page","status-publish","hentry"],"acf":[],"yoast_head":"<!-- This site is optimized with the Yoast SEO plugin v25.1 - https:\/\/yoast.com\/wordpress\/plugins\/seo\/ -->\n<title>Delivery policy - C\u00d4NG TY TNHH LONG TH\u00c0NH KI\u00caN<\/title>\n<meta name=\"robots\" content=\"index, follow, max-snippet:-1, max-image-preview:large, max-video-preview:-1\" \/>\n<link rel=\"canonical\" href=\"https:\/\/ltk-belt.vn\/chinh-sach-giao-hang\/\" \/>\n<meta property=\"og:locale\" content=\"en_US\" \/>\n<meta property=\"og:type\" content=\"article\" \/>\n<meta property=\"og:title\" content=\"Delivery policy - C\u00d4NG TY TNHH LONG TH\u00c0NH KI\u00caN\" \/>\n<meta property=\"og:description\" content=\"Delivery policy of Long Thanh Kien Co., Ltd Delivery costs Delivery costs are calculated based on the fees of the delivery service provider, the price must be agreed upon by both parties before delivery. Delivery time Depending on the delivery location, delivery time may vary and depends on the delivery service provider. Delivery scope Long\" \/>\n<meta property=\"og:url\" content=\"https:\/\/ltk-belt.vn\/chinh-sach-giao-hang\/\" \/>\n<meta property=\"og:site_name\" content=\"C\u00d4NG TY TNHH LONG TH\u00c0NH KI\u00caN\" \/>\n<meta property=\"article:modified_time\" content=\"2023-11-20T06:54:06+00:00\" \/>\n<meta name=\"twitter:card\" content=\"summary_large_image\" \/>\n<meta name=\"twitter:label1\" content=\"Est. reading time\" \/>\n\t<meta name=\"twitter:data1\" content=\"1 minute\" \/>\n<script type=\"application\/ld+json\" class=\"yoast-schema-graph\">{\"@context\":\"https:\/\/schema.org\",\"@graph\":[{\"@type\":\"WebPage\",\"@id\":\"https:\/\/ltk-belt.vn\/chinh-sach-giao-hang\/\",\"url\":\"https:\/\/ltk-belt.vn\/chinh-sach-giao-hang\/\",\"name\":\"Delivery policy - C\u00d4NG TY TNHH LONG TH\u00c0NH KI\u00caN\",\"isPartOf\":{\"@id\":\"https:\/\/ltk-belt.vn\/#website\"},\"datePublished\":\"2023-11-16T11:12:43+00:00\",\"dateModified\":\"2023-11-20T06:54:06+00:00\",\"breadcrumb\":{\"@id\":\"https:\/\/ltk-belt.vn\/chinh-sach-giao-hang\/#breadcrumb\"},\"inLanguage\":\"en-US\",\"potentialAction\":[{\"@type\":\"ReadAction\",\"target\":[\"https:\/\/ltk-belt.vn\/chinh-sach-giao-hang\/\"]}]},{\"@type\":\"BreadcrumbList\",\"@id\":\"https:\/\/ltk-belt.vn\/chinh-sach-giao-hang\/#breadcrumb\",\"itemListElement\":[{\"@type\":\"ListItem\",\"position\":1,\"name\":\"\",\"item\":\"https:\/\/ltk-belt.vn\/en\/\"},{\"@type\":\"ListItem\",\"position\":2,\"name\":\"Delivery policy\"}]},{\"@type\":\"WebSite\",\"@id\":\"https:\/\/ltk-belt.vn\/#website\",\"url\":\"https:\/\/ltk-belt.vn\/\",\"name\":\"C\u00d4NG TY TNHH LONG TH\u00c0NH KI\u00caN\",\"description\":\"\",\"potentialAction\":[{\"@type\":\"SearchAction\",\"target\":{\"@type\":\"EntryPoint\",\"urlTemplate\":\"https:\/\/ltk-belt.vn\/?s={search_term_string}\"},\"query-input\":{\"@type\":\"PropertyValueSpecification\",\"valueRequired\":true,\"valueName\":\"search_term_string\"}}],\"inLanguage\":\"en-US\"}]}<\/script>\n<!-- \/ Yoast SEO plugin. -->","yoast_head_json":{"title":"Delivery policy - C\u00d4NG TY TNHH LONG TH\u00c0NH KI\u00caN","robots":{"index":"index","follow":"follow","max-snippet":"max-snippet:-1","max-image-preview":"max-image-preview:large","max-video-preview":"max-video-preview:-1"},"canonical":"https:\/\/ltk-belt.vn\/chinh-sach-giao-hang\/","og_locale":"en_US","og_type":"article","og_title":"Delivery policy - C\u00d4NG TY TNHH LONG TH\u00c0NH KI\u00caN","og_description":"Delivery policy of Long Thanh Kien Co., Ltd Delivery costs Delivery costs are calculated based on the fees of the delivery service provider, the price must be agreed upon by both parties before delivery. Delivery time Depending on the delivery location, delivery time may vary and depends on the delivery service provider. Delivery scope Long","og_url":"https:\/\/ltk-belt.vn\/chinh-sach-giao-hang\/","og_site_name":"C\u00d4NG TY TNHH LONG TH\u00c0NH KI\u00caN","article_modified_time":"2023-11-20T06:54:06+00:00","twitter_card":"summary_large_image","twitter_misc":{"Est. reading time":"1 minute"},"schema":{"@context":"https:\/\/schema.org","@graph":[{"@type":"WebPage","@id":"https:\/\/ltk-belt.vn\/chinh-sach-giao-hang\/","url":"https:\/\/ltk-belt.vn\/chinh-sach-giao-hang\/","name":"Delivery policy - C\u00d4NG TY TNHH LONG TH\u00c0NH KI\u00caN","isPartOf":{"@id":"https:\/\/ltk-belt.vn\/#website"},"datePublished":"2023-11-16T11:12:43+00:00","dateModified":"2023-11-20T06:54:06+00:00","breadcrumb":{"@id":"https:\/\/ltk-belt.vn\/chinh-sach-giao-hang\/#breadcrumb"},"inLanguage":"en-US","potentialAction":[{"@type":"ReadAction","target":["https:\/\/ltk-belt.vn\/chinh-sach-giao-hang\/"]}]},{"@type":"BreadcrumbList","@id":"https:\/\/ltk-belt.vn\/chinh-sach-giao-hang\/#breadcrumb","itemListElement":[{"@type":"ListItem","position":1,"name":"","item":"https:\/\/ltk-belt.vn\/en\/"},{"@type":"ListItem","position":2,"name":"Delivery policy"}]},{"@type":"WebSite","@id":"https:\/\/ltk-belt.vn\/#website","url":"https:\/\/ltk-belt.vn\/","name":"C\u00d4NG TY TNHH LONG TH\u00c0NH KI\u00caN","description":"","potentialAction":[{"@type":"SearchAction","target":{"@type":"EntryPoint","urlTemplate":"https:\/\/ltk-belt.vn\/?s={search_term_string}"},"query-input":{"@type":"PropertyValueSpecification","valueRequired":true,"valueName":"search_term_string"}}],"inLanguage":"en-US"}]}},"_links":{"self":[{"href":"https:\/\/ltk-belt.vn\/en\/wp-json\/wp\/v2\/pages\/603","targetHints":{"allow":["GET"]}}],"collection":[{"href":"https:\/\/ltk-belt.vn\/en\/wp-json\/wp\/v2\/pages"}],"about":[{"href":"https:\/\/ltk-belt.vn\/en\/wp-json\/wp\/v2\/types\/page"}],"author":[{"embeddable":true,"href":"https:\/\/ltk-belt.vn\/en\/wp-json\/wp\/v2\/users\/1"}],"replies":[{"embeddable":true,"href":"https:\/\/ltk-belt.vn\/en\/wp-json\/wp\/v2\/comments?post=603"}],"version-history":[{"count":2,"href":"https:\/\/ltk-belt.vn\/en\/wp-json\/wp\/v2\/pages\/603\/revisions"}],"predecessor-version":[{"id":605,"href":"https:\/\/ltk-belt.vn\/en\/wp-json\/wp\/v2\/pages\/603\/revisions\/605"}],"wp:attachment":[{"href":"https:\/\/ltk-belt.vn\/en\/wp-json\/wp\/v2\/media?parent=603"}],"curies":[{"name":"wp","href":"https:\/\/api.w.org\/{rel}","templated":true}]}}