{"id":615,"date":"2023-11-16T18:12:12","date_gmt":"2023-11-16T11:12:12","guid":{"rendered":"https:\/\/41746.phuha.vinawebsite.vn\/chinh-sach-bao-hanh\/"},"modified":"2023-11-20T14:09:18","modified_gmt":"2023-11-20T07:09:18","slug":"warranty-policy","status":"publish","type":"page","link":"https:\/\/ltk-belt.vn\/en\/warranty-policy\/","title":{"rendered":"Warranty Policy"},"content":{"rendered":"<h2>Warranty policy of Long Thanh Kien Co., Ltd<\/h2>\n<p>All products provided by\u00a0\u00a0LTK Company\u00a0enjoy genuine warranty according to the manufacturer (firm) or importer (importer and distributor in Vietnam).<\/p>\n<h3>Product warranty conditions<\/h3>\n<h4>The product is accepted for warranty if the following conditions are met:<\/h4>\n<ul>\n<li>The product has a technical error due to the manufacturer.<\/li>\n<li>Still within the warranty period.<\/li>\n<li>Still keep the invoice or purchase voucher at\u00a0Long Thanh Kien Co., Ltd.<\/li>\n<\/ul>\n<h3>Products are not warranted or repaired at a fee<\/h3>\n<ul>\n<li>Violation of one of the free warranty conditions in section 1.<\/li>\n<li>Customers arbitrarily intervene to repair the product.<\/li>\n<li>The product is damaged due to user error, and the damage is not covered by the manufacturer&#8217;s warranty.<\/li>\n<\/ul>\n<h3>Warranty period<\/h3>\n<p>The warranty period is specified by the manufacturer (Company) or importer of that product. The warranty period will be calculated from the date of purchase and is clearly stated in the sales contract.<\/p>\n","protected":false},"excerpt":{"rendered":"<p>Warranty policy of Long Thanh Kien Co., Ltd All products provided by\u00a0\u00a0LTK Company\u00a0enjoy genuine warranty according to the manufacturer (firm) or importer (importer and distributor in Vietnam). Product warranty conditions The product is accepted for warranty if the following conditions are met: The product has a technical error due to the manufacturer. Still within the<\/p>\n","protected":false},"author":1,"featured_media":0,"parent":0,"menu_order":0,"comment_status":"closed","ping_status":"closed","template":"","meta":{"footnotes":""},"class_list":["post-615","page","type-page","status-publish","hentry"],"acf":[],"yoast_head":"<!-- This site is optimized with the Yoast SEO plugin v25.1 - https:\/\/yoast.com\/wordpress\/plugins\/seo\/ -->\n<title>Warranty Policy - C\u00d4NG TY TNHH LONG TH\u00c0NH KI\u00caN<\/title>\n<meta name=\"robots\" content=\"index, follow, max-snippet:-1, max-image-preview:large, max-video-preview:-1\" \/>\n<link rel=\"canonical\" href=\"https:\/\/ltk-belt.vn\/chinh-sach-bao-hanh\/\" \/>\n<meta property=\"og:locale\" content=\"en_US\" \/>\n<meta property=\"og:type\" content=\"article\" \/>\n<meta property=\"og:title\" content=\"Warranty Policy - C\u00d4NG TY TNHH LONG TH\u00c0NH KI\u00caN\" \/>\n<meta property=\"og:description\" content=\"Warranty policy of Long Thanh Kien Co., Ltd All products provided by\u00a0\u00a0LTK Company\u00a0enjoy genuine warranty according to the manufacturer (firm) or importer (importer and distributor in Vietnam). Product warranty conditions The product is accepted for warranty if the following conditions are met: The product has a technical error due to the manufacturer. Still within the\" \/>\n<meta property=\"og:url\" content=\"https:\/\/ltk-belt.vn\/chinh-sach-bao-hanh\/\" \/>\n<meta property=\"og:site_name\" content=\"C\u00d4NG TY TNHH LONG TH\u00c0NH KI\u00caN\" \/>\n<meta property=\"article:modified_time\" content=\"2023-11-20T07:09:18+00:00\" \/>\n<meta name=\"twitter:card\" content=\"summary_large_image\" \/>\n<meta name=\"twitter:label1\" content=\"Est. reading time\" \/>\n\t<meta name=\"twitter:data1\" content=\"1 minute\" \/>\n<script type=\"application\/ld+json\" class=\"yoast-schema-graph\">{\"@context\":\"https:\/\/schema.org\",\"@graph\":[{\"@type\":\"WebPage\",\"@id\":\"https:\/\/ltk-belt.vn\/chinh-sach-bao-hanh\/\",\"url\":\"https:\/\/ltk-belt.vn\/chinh-sach-bao-hanh\/\",\"name\":\"Warranty Policy - C\u00d4NG TY TNHH LONG TH\u00c0NH KI\u00caN\",\"isPartOf\":{\"@id\":\"https:\/\/ltk-belt.vn\/#website\"},\"datePublished\":\"2023-11-16T11:12:12+00:00\",\"dateModified\":\"2023-11-20T07:09:18+00:00\",\"breadcrumb\":{\"@id\":\"https:\/\/ltk-belt.vn\/chinh-sach-bao-hanh\/#breadcrumb\"},\"inLanguage\":\"en-US\",\"potentialAction\":[{\"@type\":\"ReadAction\",\"target\":[\"https:\/\/ltk-belt.vn\/chinh-sach-bao-hanh\/\"]}]},{\"@type\":\"BreadcrumbList\",\"@id\":\"https:\/\/ltk-belt.vn\/chinh-sach-bao-hanh\/#breadcrumb\",\"itemListElement\":[{\"@type\":\"ListItem\",\"position\":1,\"name\":\"\",\"item\":\"https:\/\/ltk-belt.vn\/en\/\"},{\"@type\":\"ListItem\",\"position\":2,\"name\":\"Warranty Policy\"}]},{\"@type\":\"WebSite\",\"@id\":\"https:\/\/ltk-belt.vn\/#website\",\"url\":\"https:\/\/ltk-belt.vn\/\",\"name\":\"C\u00d4NG TY TNHH LONG TH\u00c0NH KI\u00caN\",\"description\":\"\",\"potentialAction\":[{\"@type\":\"SearchAction\",\"target\":{\"@type\":\"EntryPoint\",\"urlTemplate\":\"https:\/\/ltk-belt.vn\/?s={search_term_string}\"},\"query-input\":{\"@type\":\"PropertyValueSpecification\",\"valueRequired\":true,\"valueName\":\"search_term_string\"}}],\"inLanguage\":\"en-US\"}]}<\/script>\n<!-- \/ Yoast SEO plugin. -->","yoast_head_json":{"title":"Warranty Policy - C\u00d4NG TY TNHH LONG TH\u00c0NH KI\u00caN","robots":{"index":"index","follow":"follow","max-snippet":"max-snippet:-1","max-image-preview":"max-image-preview:large","max-video-preview":"max-video-preview:-1"},"canonical":"https:\/\/ltk-belt.vn\/chinh-sach-bao-hanh\/","og_locale":"en_US","og_type":"article","og_title":"Warranty Policy - C\u00d4NG TY TNHH LONG TH\u00c0NH KI\u00caN","og_description":"Warranty policy of Long Thanh Kien Co., Ltd All products provided by\u00a0\u00a0LTK Company\u00a0enjoy genuine warranty according to the manufacturer (firm) or importer (importer and distributor in Vietnam). Product warranty conditions The product is accepted for warranty if the following conditions are met: The product has a technical error due to the manufacturer. Still within the","og_url":"https:\/\/ltk-belt.vn\/chinh-sach-bao-hanh\/","og_site_name":"C\u00d4NG TY TNHH LONG TH\u00c0NH KI\u00caN","article_modified_time":"2023-11-20T07:09:18+00:00","twitter_card":"summary_large_image","twitter_misc":{"Est. reading time":"1 minute"},"schema":{"@context":"https:\/\/schema.org","@graph":[{"@type":"WebPage","@id":"https:\/\/ltk-belt.vn\/chinh-sach-bao-hanh\/","url":"https:\/\/ltk-belt.vn\/chinh-sach-bao-hanh\/","name":"Warranty Policy - C\u00d4NG TY TNHH LONG TH\u00c0NH KI\u00caN","isPartOf":{"@id":"https:\/\/ltk-belt.vn\/#website"},"datePublished":"2023-11-16T11:12:12+00:00","dateModified":"2023-11-20T07:09:18+00:00","breadcrumb":{"@id":"https:\/\/ltk-belt.vn\/chinh-sach-bao-hanh\/#breadcrumb"},"inLanguage":"en-US","potentialAction":[{"@type":"ReadAction","target":["https:\/\/ltk-belt.vn\/chinh-sach-bao-hanh\/"]}]},{"@type":"BreadcrumbList","@id":"https:\/\/ltk-belt.vn\/chinh-sach-bao-hanh\/#breadcrumb","itemListElement":[{"@type":"ListItem","position":1,"name":"","item":"https:\/\/ltk-belt.vn\/en\/"},{"@type":"ListItem","position":2,"name":"Warranty Policy"}]},{"@type":"WebSite","@id":"https:\/\/ltk-belt.vn\/#website","url":"https:\/\/ltk-belt.vn\/","name":"C\u00d4NG TY TNHH LONG TH\u00c0NH KI\u00caN","description":"","potentialAction":[{"@type":"SearchAction","target":{"@type":"EntryPoint","urlTemplate":"https:\/\/ltk-belt.vn\/?s={search_term_string}"},"query-input":{"@type":"PropertyValueSpecification","valueRequired":true,"valueName":"search_term_string"}}],"inLanguage":"en-US"}]}},"_links":{"self":[{"href":"https:\/\/ltk-belt.vn\/en\/wp-json\/wp\/v2\/pages\/615","targetHints":{"allow":["GET"]}}],"collection":[{"href":"https:\/\/ltk-belt.vn\/en\/wp-json\/wp\/v2\/pages"}],"about":[{"href":"https:\/\/ltk-belt.vn\/en\/wp-json\/wp\/v2\/types\/page"}],"author":[{"embeddable":true,"href":"https:\/\/ltk-belt.vn\/en\/wp-json\/wp\/v2\/users\/1"}],"replies":[{"embeddable":true,"href":"https:\/\/ltk-belt.vn\/en\/wp-json\/wp\/v2\/comments?post=615"}],"version-history":[{"count":2,"href":"https:\/\/ltk-belt.vn\/en\/wp-json\/wp\/v2\/pages\/615\/revisions"}],"predecessor-version":[{"id":617,"href":"https:\/\/ltk-belt.vn\/en\/wp-json\/wp\/v2\/pages\/615\/revisions\/617"}],"wp:attachment":[{"href":"https:\/\/ltk-belt.vn\/en\/wp-json\/wp\/v2\/media?parent=615"}],"curies":[{"name":"wp","href":"https:\/\/api.w.org\/{rel}","templated":true}]}}