{"id":619,"date":"2023-11-16T18:14:43","date_gmt":"2023-11-16T11:14:43","guid":{"rendered":"https:\/\/41746.phuha.vinawebsite.vn\/chinh-sach-ban-hang\/"},"modified":"2023-11-20T14:14:11","modified_gmt":"2023-11-20T07:14:11","slug":"sales-policy","status":"publish","type":"page","link":"https:\/\/ltk-belt.vn\/en\/sales-policy\/","title":{"rendered":"Sales policy"},"content":{"rendered":"<h2>Sales policy of Long Thanh Kien Co., Ltd<\/h2>\n<h3>Pricing policy:<\/h3>\n<p>Regulating selling prices for each type of product according to different market areas. Selling prices can be flexibly adjusted to suit different markets and customers. For the most accurate price, please contact the sales staff directly at the hotline number<\/p>\n<h3>Payment policy<\/h3>\n<p>Payment in advance to receive goods. Customers pay in advance according to the company&#8217;s bank account number corresponding to the product price at the time of purchase (for new customers).<\/p>\n<p>Pay after recieve. You pay according to the company&#8217;s bank account number within the time period agreed on the contract.<\/p>\n<h3>Delivery and shipping policy<\/h3>\n<p>Customers can receive goods directly at LTK company or we will deliver them to the address provided by the customer. Fees will be calculated according to the delivery service provider&#8217;s fees.<\/p>\n<p>Delivery time will be calculated according to the shipping unit&#8217;s delivery time. LTK Company\u00a0will make delivery immediately upon completion of the order according to the time notified to the customer.<\/p>\n<h3>Complaint handling policy<\/h3>\n<h4>All customer complaints and questions will be resolved by\u00a0https:\/\/\u2026.com.vn\/\u00a0according to:<\/h4>\n<ul>\n<li>Regulations, agreements, or contracts adopted between the Company and customers.<\/li>\n<li>Our commitment to customers.<\/li>\n<li>Current laws of Vietnam.<\/li>\n<\/ul>\n<p>Customer complaints can be made by calling, email, or text.<\/p>\n<p>Complaint resolution time is implemented according to company regulations and must not exceed 60 days from the date the customer receives the goods.<\/p>\n","protected":false},"excerpt":{"rendered":"<p>Sales policy of Long Thanh Kien Co., Ltd Pricing policy: Regulating selling prices for each type of product according to different market areas. Selling prices can be flexibly adjusted to suit different markets and customers. For the most accurate price, please contact the sales staff directly at the hotline number Payment policy Payment in advance<\/p>\n","protected":false},"author":1,"featured_media":0,"parent":0,"menu_order":0,"comment_status":"closed","ping_status":"closed","template":"","meta":{"footnotes":""},"class_list":["post-619","page","type-page","status-publish","hentry"],"acf":[],"yoast_head":"<!-- This site is optimized with the Yoast SEO plugin v25.1 - https:\/\/yoast.com\/wordpress\/plugins\/seo\/ -->\n<title>Sales policy - C\u00d4NG TY TNHH LONG TH\u00c0NH KI\u00caN<\/title>\n<meta name=\"robots\" content=\"index, follow, max-snippet:-1, max-image-preview:large, max-video-preview:-1\" \/>\n<link rel=\"canonical\" href=\"https:\/\/ltk-belt.vn\/chinh-sach-ban-hang\/\" \/>\n<meta property=\"og:locale\" content=\"en_US\" \/>\n<meta property=\"og:type\" content=\"article\" \/>\n<meta property=\"og:title\" content=\"Sales policy - C\u00d4NG TY TNHH LONG TH\u00c0NH KI\u00caN\" \/>\n<meta property=\"og:description\" content=\"Sales policy of Long Thanh Kien Co., Ltd Pricing policy: Regulating selling prices for each type of product according to different market areas. Selling prices can be flexibly adjusted to suit different markets and customers. For the most accurate price, please contact the sales staff directly at the hotline number Payment policy Payment in advance\" \/>\n<meta property=\"og:url\" content=\"https:\/\/ltk-belt.vn\/chinh-sach-ban-hang\/\" \/>\n<meta property=\"og:site_name\" content=\"C\u00d4NG TY TNHH LONG TH\u00c0NH KI\u00caN\" \/>\n<meta property=\"article:modified_time\" content=\"2023-11-20T07:14:11+00:00\" \/>\n<meta name=\"twitter:card\" content=\"summary_large_image\" \/>\n<meta name=\"twitter:label1\" content=\"Est. reading time\" \/>\n\t<meta name=\"twitter:data1\" content=\"2 minutes\" \/>\n<script type=\"application\/ld+json\" class=\"yoast-schema-graph\">{\"@context\":\"https:\/\/schema.org\",\"@graph\":[{\"@type\":\"WebPage\",\"@id\":\"https:\/\/ltk-belt.vn\/chinh-sach-ban-hang\/\",\"url\":\"https:\/\/ltk-belt.vn\/chinh-sach-ban-hang\/\",\"name\":\"Sales policy - C\u00d4NG TY TNHH LONG TH\u00c0NH KI\u00caN\",\"isPartOf\":{\"@id\":\"https:\/\/ltk-belt.vn\/#website\"},\"datePublished\":\"2023-11-16T11:14:43+00:00\",\"dateModified\":\"2023-11-20T07:14:11+00:00\",\"breadcrumb\":{\"@id\":\"https:\/\/ltk-belt.vn\/chinh-sach-ban-hang\/#breadcrumb\"},\"inLanguage\":\"en-US\",\"potentialAction\":[{\"@type\":\"ReadAction\",\"target\":[\"https:\/\/ltk-belt.vn\/chinh-sach-ban-hang\/\"]}]},{\"@type\":\"BreadcrumbList\",\"@id\":\"https:\/\/ltk-belt.vn\/chinh-sach-ban-hang\/#breadcrumb\",\"itemListElement\":[{\"@type\":\"ListItem\",\"position\":1,\"name\":\"\",\"item\":\"https:\/\/ltk-belt.vn\/en\/\"},{\"@type\":\"ListItem\",\"position\":2,\"name\":\"Sales policy\"}]},{\"@type\":\"WebSite\",\"@id\":\"https:\/\/ltk-belt.vn\/#website\",\"url\":\"https:\/\/ltk-belt.vn\/\",\"name\":\"C\u00d4NG TY TNHH LONG TH\u00c0NH KI\u00caN\",\"description\":\"\",\"potentialAction\":[{\"@type\":\"SearchAction\",\"target\":{\"@type\":\"EntryPoint\",\"urlTemplate\":\"https:\/\/ltk-belt.vn\/?s={search_term_string}\"},\"query-input\":{\"@type\":\"PropertyValueSpecification\",\"valueRequired\":true,\"valueName\":\"search_term_string\"}}],\"inLanguage\":\"en-US\"}]}<\/script>\n<!-- \/ Yoast SEO plugin. -->","yoast_head_json":{"title":"Sales policy - C\u00d4NG TY TNHH LONG TH\u00c0NH KI\u00caN","robots":{"index":"index","follow":"follow","max-snippet":"max-snippet:-1","max-image-preview":"max-image-preview:large","max-video-preview":"max-video-preview:-1"},"canonical":"https:\/\/ltk-belt.vn\/chinh-sach-ban-hang\/","og_locale":"en_US","og_type":"article","og_title":"Sales policy - C\u00d4NG TY TNHH LONG TH\u00c0NH KI\u00caN","og_description":"Sales policy of Long Thanh Kien Co., Ltd Pricing policy: Regulating selling prices for each type of product according to different market areas. Selling prices can be flexibly adjusted to suit different markets and customers. For the most accurate price, please contact the sales staff directly at the hotline number Payment policy Payment in advance","og_url":"https:\/\/ltk-belt.vn\/chinh-sach-ban-hang\/","og_site_name":"C\u00d4NG TY TNHH LONG TH\u00c0NH KI\u00caN","article_modified_time":"2023-11-20T07:14:11+00:00","twitter_card":"summary_large_image","twitter_misc":{"Est. reading time":"2 minutes"},"schema":{"@context":"https:\/\/schema.org","@graph":[{"@type":"WebPage","@id":"https:\/\/ltk-belt.vn\/chinh-sach-ban-hang\/","url":"https:\/\/ltk-belt.vn\/chinh-sach-ban-hang\/","name":"Sales policy - C\u00d4NG TY TNHH LONG TH\u00c0NH KI\u00caN","isPartOf":{"@id":"https:\/\/ltk-belt.vn\/#website"},"datePublished":"2023-11-16T11:14:43+00:00","dateModified":"2023-11-20T07:14:11+00:00","breadcrumb":{"@id":"https:\/\/ltk-belt.vn\/chinh-sach-ban-hang\/#breadcrumb"},"inLanguage":"en-US","potentialAction":[{"@type":"ReadAction","target":["https:\/\/ltk-belt.vn\/chinh-sach-ban-hang\/"]}]},{"@type":"BreadcrumbList","@id":"https:\/\/ltk-belt.vn\/chinh-sach-ban-hang\/#breadcrumb","itemListElement":[{"@type":"ListItem","position":1,"name":"","item":"https:\/\/ltk-belt.vn\/en\/"},{"@type":"ListItem","position":2,"name":"Sales policy"}]},{"@type":"WebSite","@id":"https:\/\/ltk-belt.vn\/#website","url":"https:\/\/ltk-belt.vn\/","name":"C\u00d4NG TY TNHH LONG TH\u00c0NH KI\u00caN","description":"","potentialAction":[{"@type":"SearchAction","target":{"@type":"EntryPoint","urlTemplate":"https:\/\/ltk-belt.vn\/?s={search_term_string}"},"query-input":{"@type":"PropertyValueSpecification","valueRequired":true,"valueName":"search_term_string"}}],"inLanguage":"en-US"}]}},"_links":{"self":[{"href":"https:\/\/ltk-belt.vn\/en\/wp-json\/wp\/v2\/pages\/619","targetHints":{"allow":["GET"]}}],"collection":[{"href":"https:\/\/ltk-belt.vn\/en\/wp-json\/wp\/v2\/pages"}],"about":[{"href":"https:\/\/ltk-belt.vn\/en\/wp-json\/wp\/v2\/types\/page"}],"author":[{"embeddable":true,"href":"https:\/\/ltk-belt.vn\/en\/wp-json\/wp\/v2\/users\/1"}],"replies":[{"embeddable":true,"href":"https:\/\/ltk-belt.vn\/en\/wp-json\/wp\/v2\/comments?post=619"}],"version-history":[{"count":2,"href":"https:\/\/ltk-belt.vn\/en\/wp-json\/wp\/v2\/pages\/619\/revisions"}],"predecessor-version":[{"id":621,"href":"https:\/\/ltk-belt.vn\/en\/wp-json\/wp\/v2\/pages\/619\/revisions\/621"}],"wp:attachment":[{"href":"https:\/\/ltk-belt.vn\/en\/wp-json\/wp\/v2\/media?parent=619"}],"curies":[{"name":"wp","href":"https:\/\/api.w.org\/{rel}","templated":true}]}}