{"id":557,"date":"2023-11-16T23:30:43","date_gmt":"2023-11-16T16:30:43","guid":{"rendered":"https:\/\/41746.phuha.vinawebsite.vn\/san-pham\/se-a-pb\/"},"modified":"2023-11-16T23:30:43","modified_gmt":"2023-11-16T16:30:43","slug":"se-a-pb","status":"publish","type":"product","link":"https:\/\/ltk-belt.vn\/en\/san-pham\/se-a-pb\/","title":{"rendered":"SE-A-PB"},"content":{"rendered":"<p><strong>SE-A-PB belt structure<\/strong><\/p>\n<p>&#8211; \u0110\u1ed9 d\u00e0y: 1,2mm.<\/p>\n<p>&#8211; Color: Both sides are black<\/p>\n<p>&#8211; Type: instant molded rubber<\/p>\n<p>&#8211; Features: anti-static, reduces resistance wear, oil resistance<\/p>\n<p>&#8211; Industry used: precision mechanics, electronic components production<\/p>\n<p>&#8211; Place of production: Nara factory &#8211; Japan<\/p>\n<p>&#8211; Brand: Nitta &#8211; Japan<\/p>\n<p>Applied for grinding machines, textile machines, low torque, high speed transmission<\/p>\n<p><img loading=\"lazy\" decoding=\"async\" class=\"aligncenter size-full wp-image-466\" src=\"https:\/\/ltk-belt.vn\/wp-content\/uploads\/2023\/11\/SE-A-PB-1.jpg\" alt=\"\" width=\"682\" height=\"803\" srcset=\"https:\/\/ltk-belt.vn\/wp-content\/uploads\/2023\/11\/SE-A-PB-1.jpg 682w, https:\/\/ltk-belt.vn\/wp-content\/uploads\/2023\/11\/SE-A-PB-1-255x300.jpg 255w, https:\/\/ltk-belt.vn\/wp-content\/uploads\/2023\/11\/SE-A-PB-1-600x706.jpg 600w\" sizes=\"auto, (max-width: 682px) 100vw, 682px\" \/><\/p>\n<p><img loading=\"lazy\" decoding=\"async\" class=\"aligncenter size-full wp-image-292\" src=\"https:\/\/ltk-belt.vn\/wp-content\/uploads\/2023\/11\/SE-A-PB.jpg\" alt=\"\" width=\"1654\" height=\"2338\" srcset=\"https:\/\/ltk-belt.vn\/wp-content\/uploads\/2023\/11\/SE-A-PB.jpg 1654w, https:\/\/ltk-belt.vn\/wp-content\/uploads\/2023\/11\/SE-A-PB-212x300.jpg 212w, https:\/\/ltk-belt.vn\/wp-content\/uploads\/2023\/11\/SE-A-PB-724x1024.jpg 724w, https:\/\/ltk-belt.vn\/wp-content\/uploads\/2023\/11\/SE-A-PB-768x1086.jpg 768w, https:\/\/ltk-belt.vn\/wp-content\/uploads\/2023\/11\/SE-A-PB-1087x1536.jpg 1087w, https:\/\/ltk-belt.vn\/wp-content\/uploads\/2023\/11\/SE-A-PB-1449x2048.jpg 1449w, https:\/\/ltk-belt.vn\/wp-content\/uploads\/2023\/11\/SE-A-PB-600x848.jpg 600w\" sizes=\"auto, (max-width: 1654px) 100vw, 1654px\" \/><\/p>\n","protected":false},"excerpt":{"rendered":"<p>SE-A-PB belt structure &#8211; \u0110\u1ed9 d\u00e0y: 1,2mm. &#8211; Color: Both sides are black &#8211; Type: instant molded rubber &#8211; Features: anti-static, reduces resistance wear, oil resistance &#8211; Industry used: precision mechanics, electronic components production &#8211; Place of production: Nara factory &#8211; Japan &#8211; Brand: Nitta &#8211; Japan Applied for grinding machines, textile machines, low torque,<\/p>\n","protected":false},"featured_media":0,"comment_status":"open","ping_status":"closed","template":"","meta":[],"product_brand":[],"product_cat":[43],"product_tag":[],"class_list":{"0":"post-557","1":"product","2":"type-product","3":"status-publish","5":"product_cat-nitta-belt-en","7":"first","8":"instock","9":"shipping-taxable","10":"product-type-simple"},"acf":[],"yoast_head":"<!-- This site is optimized with the Yoast SEO plugin v25.1 - https:\/\/yoast.com\/wordpress\/plugins\/seo\/ -->\n<title>SE-A-PB - C\u00d4NG TY TNHH LONG TH\u00c0NH KI\u00caN<\/title>\n<meta name=\"robots\" content=\"index, follow, max-snippet:-1, max-image-preview:large, max-video-preview:-1\" \/>\n<link rel=\"canonical\" href=\"https:\/\/ltk-belt.vn\/san-pham\/se-a-pb\/\" \/>\n<meta property=\"og:locale\" content=\"en_US\" \/>\n<meta property=\"og:type\" content=\"article\" \/>\n<meta property=\"og:title\" content=\"SE-A-PB - C\u00d4NG TY TNHH LONG TH\u00c0NH KI\u00caN\" \/>\n<meta property=\"og:description\" content=\"SE-A-PB belt structure &#8211; \u0110\u1ed9 d\u00e0y: 1,2mm. &#8211; Color: Both sides are black &#8211; Type: instant molded rubber &#8211; Features: anti-static, reduces resistance wear, oil resistance &#8211; Industry used: precision mechanics, electronic components production &#8211; Place of production: Nara factory &#8211; Japan &#8211; Brand: Nitta &#8211; Japan Applied for grinding machines, textile machines, low torque,\" \/>\n<meta property=\"og:url\" content=\"https:\/\/ltk-belt.vn\/san-pham\/se-a-pb\/\" \/>\n<meta property=\"og:site_name\" content=\"C\u00d4NG TY TNHH LONG TH\u00c0NH KI\u00caN\" \/>\n<meta property=\"og:image\" content=\"https:\/\/ltk-belt.vn\/wp-content\/uploads\/2023\/11\/SE-A-PB-1.jpg\" \/>\n<meta name=\"twitter:card\" content=\"summary_large_image\" \/>\n<script type=\"application\/ld+json\" class=\"yoast-schema-graph\">{\"@context\":\"https:\/\/schema.org\",\"@graph\":[{\"@type\":\"WebPage\",\"@id\":\"https:\/\/ltk-belt.vn\/san-pham\/se-a-pb\/\",\"url\":\"https:\/\/ltk-belt.vn\/san-pham\/se-a-pb\/\",\"name\":\"SE-A-PB - C\u00d4NG TY TNHH LONG TH\u00c0NH KI\u00caN\",\"isPartOf\":{\"@id\":\"https:\/\/ltk-belt.vn\/#website\"},\"primaryImageOfPage\":{\"@id\":\"https:\/\/ltk-belt.vn\/san-pham\/se-a-pb\/#primaryimage\"},\"image\":{\"@id\":\"https:\/\/ltk-belt.vn\/san-pham\/se-a-pb\/#primaryimage\"},\"thumbnailUrl\":\"https:\/\/ltk-belt.vn\/wp-content\/uploads\/2023\/11\/SE-A-PB-1.jpg\",\"datePublished\":\"2023-11-16T16:30:43+00:00\",\"breadcrumb\":{\"@id\":\"https:\/\/ltk-belt.vn\/san-pham\/se-a-pb\/#breadcrumb\"},\"inLanguage\":\"en-US\",\"potentialAction\":[{\"@type\":\"ReadAction\",\"target\":[\"https:\/\/ltk-belt.vn\/san-pham\/se-a-pb\/\"]}]},{\"@type\":\"ImageObject\",\"inLanguage\":\"en-US\",\"@id\":\"https:\/\/ltk-belt.vn\/san-pham\/se-a-pb\/#primaryimage\",\"url\":\"https:\/\/ltk-belt.vn\/wp-content\/uploads\/2023\/11\/SE-A-PB-1.jpg\",\"contentUrl\":\"https:\/\/ltk-belt.vn\/wp-content\/uploads\/2023\/11\/SE-A-PB-1.jpg\"},{\"@type\":\"BreadcrumbList\",\"@id\":\"https:\/\/ltk-belt.vn\/san-pham\/se-a-pb\/#breadcrumb\",\"itemListElement\":[{\"@type\":\"ListItem\",\"position\":1,\"name\":\"\",\"item\":\"https:\/\/ltk-belt.vn\/en\/\"},{\"@type\":\"ListItem\",\"position\":2,\"name\":\"Shop\",\"item\":\"https:\/\/ltk-belt.vn\/cua-hang\/\"},{\"@type\":\"ListItem\",\"position\":3,\"name\":\"SE-A-PB\"}]},{\"@type\":\"WebSite\",\"@id\":\"https:\/\/ltk-belt.vn\/#website\",\"url\":\"https:\/\/ltk-belt.vn\/\",\"name\":\"C\u00d4NG TY TNHH LONG TH\u00c0NH KI\u00caN\",\"description\":\"\",\"potentialAction\":[{\"@type\":\"SearchAction\",\"target\":{\"@type\":\"EntryPoint\",\"urlTemplate\":\"https:\/\/ltk-belt.vn\/?s={search_term_string}\"},\"query-input\":{\"@type\":\"PropertyValueSpecification\",\"valueRequired\":true,\"valueName\":\"search_term_string\"}}],\"inLanguage\":\"en-US\"}]}<\/script>\n<!-- \/ Yoast SEO plugin. -->","yoast_head_json":{"title":"SE-A-PB - C\u00d4NG TY TNHH LONG TH\u00c0NH KI\u00caN","robots":{"index":"index","follow":"follow","max-snippet":"max-snippet:-1","max-image-preview":"max-image-preview:large","max-video-preview":"max-video-preview:-1"},"canonical":"https:\/\/ltk-belt.vn\/san-pham\/se-a-pb\/","og_locale":"en_US","og_type":"article","og_title":"SE-A-PB - C\u00d4NG TY TNHH LONG TH\u00c0NH KI\u00caN","og_description":"SE-A-PB belt structure &#8211; \u0110\u1ed9 d\u00e0y: 1,2mm. &#8211; Color: Both sides are black &#8211; Type: instant molded rubber &#8211; Features: anti-static, reduces resistance wear, oil resistance &#8211; Industry used: precision mechanics, electronic components production &#8211; Place of production: Nara factory &#8211; Japan &#8211; Brand: Nitta &#8211; Japan Applied for grinding machines, textile machines, low torque,","og_url":"https:\/\/ltk-belt.vn\/san-pham\/se-a-pb\/","og_site_name":"C\u00d4NG TY TNHH LONG TH\u00c0NH KI\u00caN","og_image":[{"url":"https:\/\/ltk-belt.vn\/wp-content\/uploads\/2023\/11\/SE-A-PB-1.jpg","type":"","width":"","height":""}],"twitter_card":"summary_large_image","schema":{"@context":"https:\/\/schema.org","@graph":[{"@type":"WebPage","@id":"https:\/\/ltk-belt.vn\/san-pham\/se-a-pb\/","url":"https:\/\/ltk-belt.vn\/san-pham\/se-a-pb\/","name":"SE-A-PB - C\u00d4NG TY TNHH LONG TH\u00c0NH KI\u00caN","isPartOf":{"@id":"https:\/\/ltk-belt.vn\/#website"},"primaryImageOfPage":{"@id":"https:\/\/ltk-belt.vn\/san-pham\/se-a-pb\/#primaryimage"},"image":{"@id":"https:\/\/ltk-belt.vn\/san-pham\/se-a-pb\/#primaryimage"},"thumbnailUrl":"https:\/\/ltk-belt.vn\/wp-content\/uploads\/2023\/11\/SE-A-PB-1.jpg","datePublished":"2023-11-16T16:30:43+00:00","breadcrumb":{"@id":"https:\/\/ltk-belt.vn\/san-pham\/se-a-pb\/#breadcrumb"},"inLanguage":"en-US","potentialAction":[{"@type":"ReadAction","target":["https:\/\/ltk-belt.vn\/san-pham\/se-a-pb\/"]}]},{"@type":"ImageObject","inLanguage":"en-US","@id":"https:\/\/ltk-belt.vn\/san-pham\/se-a-pb\/#primaryimage","url":"https:\/\/ltk-belt.vn\/wp-content\/uploads\/2023\/11\/SE-A-PB-1.jpg","contentUrl":"https:\/\/ltk-belt.vn\/wp-content\/uploads\/2023\/11\/SE-A-PB-1.jpg"},{"@type":"BreadcrumbList","@id":"https:\/\/ltk-belt.vn\/san-pham\/se-a-pb\/#breadcrumb","itemListElement":[{"@type":"ListItem","position":1,"name":"","item":"https:\/\/ltk-belt.vn\/en\/"},{"@type":"ListItem","position":2,"name":"Shop","item":"https:\/\/ltk-belt.vn\/cua-hang\/"},{"@type":"ListItem","position":3,"name":"SE-A-PB"}]},{"@type":"WebSite","@id":"https:\/\/ltk-belt.vn\/#website","url":"https:\/\/ltk-belt.vn\/","name":"C\u00d4NG TY TNHH LONG TH\u00c0NH KI\u00caN","description":"","potentialAction":[{"@type":"SearchAction","target":{"@type":"EntryPoint","urlTemplate":"https:\/\/ltk-belt.vn\/?s={search_term_string}"},"query-input":{"@type":"PropertyValueSpecification","valueRequired":true,"valueName":"search_term_string"}}],"inLanguage":"en-US"}]}},"_links":{"self":[{"href":"https:\/\/ltk-belt.vn\/en\/wp-json\/wp\/v2\/product\/557","targetHints":{"allow":["GET"]}}],"collection":[{"href":"https:\/\/ltk-belt.vn\/en\/wp-json\/wp\/v2\/product"}],"about":[{"href":"https:\/\/ltk-belt.vn\/en\/wp-json\/wp\/v2\/types\/product"}],"replies":[{"embeddable":true,"href":"https:\/\/ltk-belt.vn\/en\/wp-json\/wp\/v2\/comments?post=557"}],"wp:attachment":[{"href":"https:\/\/ltk-belt.vn\/en\/wp-json\/wp\/v2\/media?parent=557"}],"wp:term":[{"taxonomy":"product_brand","embeddable":true,"href":"https:\/\/ltk-belt.vn\/en\/wp-json\/wp\/v2\/product_brand?post=557"},{"taxonomy":"product_cat","embeddable":true,"href":"https:\/\/ltk-belt.vn\/en\/wp-json\/wp\/v2\/product_cat?post=557"},{"taxonomy":"product_tag","embeddable":true,"href":"https:\/\/ltk-belt.vn\/en\/wp-json\/wp\/v2\/product_tag?post=557"}],"curies":[{"name":"wp","href":"https:\/\/api.w.org\/{rel}","templated":true}]}}