{"id":558,"date":"2023-11-16T23:37:11","date_gmt":"2023-11-16T16:37:11","guid":{"rendered":"https:\/\/41746.phuha.vinawebsite.vn\/san-pham\/xhtg-15e34-2\/"},"modified":"2023-11-16T23:37:11","modified_gmt":"2023-11-16T16:37:11","slug":"xhtg-15e34-2","status":"publish","type":"product","link":"https:\/\/ltk-belt.vn\/en\/san-pham\/xhtg-15e34-2\/","title":{"rendered":"XHTG-15E34-2"},"content":{"rendered":"<p><strong>Belt structure XHTG-15E34-2<\/strong><\/p>\n<p>&#8211; Thickness: 3.4mm.<\/p>\n<p>&#8211; Color: One side blue, one side white<\/p>\n<p>&#8211; Type: Poly sprint<\/p>\n<p>&#8211; Characteristics: anti-static, high durability<\/p>\n<p>&#8211; Jointing type: serrated<\/p>\n<p>&#8211; Industry of use: carton packaging production (flexo glue machine, Evol carton glue machine, Mitsubishi Heavy &#8211; Place of production: Nara factory &#8211; Japan<\/p>\n<p>&#8211; Brand: Nitta &#8211; Japan<\/p>\n<p><img loading=\"lazy\" decoding=\"async\" class=\"aligncenter size-full wp-image-546\" src=\"https:\/\/ltk-belt.vn\/wp-content\/uploads\/2023\/11\/XHTG-15E34-2-mau.jpg\" alt=\"\" width=\"657\" height=\"877\" srcset=\"https:\/\/ltk-belt.vn\/wp-content\/uploads\/2023\/11\/XHTG-15E34-2-mau.jpg 657w, https:\/\/ltk-belt.vn\/wp-content\/uploads\/2023\/11\/XHTG-15E34-2-mau-225x300.jpg 225w, https:\/\/ltk-belt.vn\/wp-content\/uploads\/2023\/11\/XHTG-15E34-2-mau-600x801.jpg 600w\" sizes=\"auto, (max-width: 657px) 100vw, 657px\" \/><\/p>\n<p><img loading=\"lazy\" decoding=\"async\" class=\"aligncenter size-full wp-image-294\" src=\"https:\/\/ltk-belt.vn\/wp-content\/uploads\/2023\/11\/XHTG-15E34.jpg\" alt=\"\" width=\"1654\" height=\"2339\" srcset=\"https:\/\/ltk-belt.vn\/wp-content\/uploads\/2023\/11\/XHTG-15E34.jpg 1654w, https:\/\/ltk-belt.vn\/wp-content\/uploads\/2023\/11\/XHTG-15E34-212x300.jpg 212w, https:\/\/ltk-belt.vn\/wp-content\/uploads\/2023\/11\/XHTG-15E34-724x1024.jpg 724w, https:\/\/ltk-belt.vn\/wp-content\/uploads\/2023\/11\/XHTG-15E34-768x1086.jpg 768w, https:\/\/ltk-belt.vn\/wp-content\/uploads\/2023\/11\/XHTG-15E34-1086x1536.jpg 1086w, https:\/\/ltk-belt.vn\/wp-content\/uploads\/2023\/11\/XHTG-15E34-1448x2048.jpg 1448w, https:\/\/ltk-belt.vn\/wp-content\/uploads\/2023\/11\/XHTG-15E34-600x848.jpg 600w\" sizes=\"auto, (max-width: 1654px) 100vw, 1654px\" \/><\/p>\n","protected":false},"excerpt":{"rendered":"<p>Belt structure XHTG-15E34-2 &#8211; Thickness: 3.4mm. &#8211; Color: One side blue, one side white &#8211; Type: Poly sprint &#8211; Characteristics: anti-static, high durability &#8211; Jointing type: serrated &#8211; Industry of use: carton packaging production (flexo glue machine, Evol carton glue machine, Mitsubishi Heavy &#8211; Place of production: Nara factory &#8211; Japan &#8211; Brand: Nitta &#8211;<\/p>\n","protected":false},"featured_media":0,"comment_status":"open","ping_status":"closed","template":"","meta":[],"product_brand":[],"product_cat":[43],"product_tag":[],"class_list":{"0":"post-558","1":"product","2":"type-product","3":"status-publish","5":"product_cat-nitta-belt-en","7":"first","8":"instock","9":"shipping-taxable","10":"product-type-simple"},"acf":[],"yoast_head":"<!-- This site is optimized with the Yoast SEO plugin v25.1 - https:\/\/yoast.com\/wordpress\/plugins\/seo\/ -->\n<title>XHTG-15E34-2 - C\u00d4NG TY TNHH LONG TH\u00c0NH KI\u00caN<\/title>\n<meta name=\"robots\" content=\"index, follow, max-snippet:-1, max-image-preview:large, max-video-preview:-1\" \/>\n<link rel=\"canonical\" href=\"https:\/\/ltk-belt.vn\/san-pham\/xhtg-15e34-2\/\" \/>\n<meta property=\"og:locale\" content=\"en_US\" \/>\n<meta property=\"og:type\" content=\"article\" \/>\n<meta property=\"og:title\" content=\"XHTG-15E34-2 - C\u00d4NG TY TNHH LONG TH\u00c0NH KI\u00caN\" \/>\n<meta property=\"og:description\" content=\"Belt structure XHTG-15E34-2 &#8211; Thickness: 3.4mm. &#8211; Color: One side blue, one side white &#8211; Type: Poly sprint &#8211; Characteristics: anti-static, high durability &#8211; Jointing type: serrated &#8211; Industry of use: carton packaging production (flexo glue machine, Evol carton glue machine, Mitsubishi Heavy &#8211; Place of production: Nara factory &#8211; Japan &#8211; Brand: Nitta &#8211;\" \/>\n<meta property=\"og:url\" content=\"https:\/\/ltk-belt.vn\/san-pham\/xhtg-15e34-2\/\" \/>\n<meta property=\"og:site_name\" content=\"C\u00d4NG TY TNHH LONG TH\u00c0NH KI\u00caN\" \/>\n<meta property=\"og:image\" content=\"https:\/\/ltk-belt.vn\/wp-content\/uploads\/2023\/11\/XHTG-15E34-2-mau.jpg\" \/>\n<meta name=\"twitter:card\" content=\"summary_large_image\" \/>\n<script type=\"application\/ld+json\" class=\"yoast-schema-graph\">{\"@context\":\"https:\/\/schema.org\",\"@graph\":[{\"@type\":\"WebPage\",\"@id\":\"https:\/\/ltk-belt.vn\/san-pham\/xhtg-15e34-2\/\",\"url\":\"https:\/\/ltk-belt.vn\/san-pham\/xhtg-15e34-2\/\",\"name\":\"XHTG-15E34-2 - C\u00d4NG TY TNHH LONG TH\u00c0NH KI\u00caN\",\"isPartOf\":{\"@id\":\"https:\/\/ltk-belt.vn\/#website\"},\"primaryImageOfPage\":{\"@id\":\"https:\/\/ltk-belt.vn\/san-pham\/xhtg-15e34-2\/#primaryimage\"},\"image\":{\"@id\":\"https:\/\/ltk-belt.vn\/san-pham\/xhtg-15e34-2\/#primaryimage\"},\"thumbnailUrl\":\"https:\/\/ltk-belt.vn\/wp-content\/uploads\/2023\/11\/XHTG-15E34-2-mau.jpg\",\"datePublished\":\"2023-11-16T16:37:11+00:00\",\"breadcrumb\":{\"@id\":\"https:\/\/ltk-belt.vn\/san-pham\/xhtg-15e34-2\/#breadcrumb\"},\"inLanguage\":\"en-US\",\"potentialAction\":[{\"@type\":\"ReadAction\",\"target\":[\"https:\/\/ltk-belt.vn\/san-pham\/xhtg-15e34-2\/\"]}]},{\"@type\":\"ImageObject\",\"inLanguage\":\"en-US\",\"@id\":\"https:\/\/ltk-belt.vn\/san-pham\/xhtg-15e34-2\/#primaryimage\",\"url\":\"https:\/\/ltk-belt.vn\/wp-content\/uploads\/2023\/11\/XHTG-15E34-2-mau.jpg\",\"contentUrl\":\"https:\/\/ltk-belt.vn\/wp-content\/uploads\/2023\/11\/XHTG-15E34-2-mau.jpg\"},{\"@type\":\"BreadcrumbList\",\"@id\":\"https:\/\/ltk-belt.vn\/san-pham\/xhtg-15e34-2\/#breadcrumb\",\"itemListElement\":[{\"@type\":\"ListItem\",\"position\":1,\"name\":\"\",\"item\":\"https:\/\/ltk-belt.vn\/en\/\"},{\"@type\":\"ListItem\",\"position\":2,\"name\":\"Shop\",\"item\":\"https:\/\/ltk-belt.vn\/cua-hang\/\"},{\"@type\":\"ListItem\",\"position\":3,\"name\":\"XHTG-15E34-2\"}]},{\"@type\":\"WebSite\",\"@id\":\"https:\/\/ltk-belt.vn\/#website\",\"url\":\"https:\/\/ltk-belt.vn\/\",\"name\":\"C\u00d4NG TY TNHH LONG TH\u00c0NH KI\u00caN\",\"description\":\"\",\"potentialAction\":[{\"@type\":\"SearchAction\",\"target\":{\"@type\":\"EntryPoint\",\"urlTemplate\":\"https:\/\/ltk-belt.vn\/?s={search_term_string}\"},\"query-input\":{\"@type\":\"PropertyValueSpecification\",\"valueRequired\":true,\"valueName\":\"search_term_string\"}}],\"inLanguage\":\"en-US\"}]}<\/script>\n<!-- \/ Yoast SEO plugin. -->","yoast_head_json":{"title":"XHTG-15E34-2 - C\u00d4NG TY TNHH LONG TH\u00c0NH KI\u00caN","robots":{"index":"index","follow":"follow","max-snippet":"max-snippet:-1","max-image-preview":"max-image-preview:large","max-video-preview":"max-video-preview:-1"},"canonical":"https:\/\/ltk-belt.vn\/san-pham\/xhtg-15e34-2\/","og_locale":"en_US","og_type":"article","og_title":"XHTG-15E34-2 - C\u00d4NG TY TNHH LONG TH\u00c0NH KI\u00caN","og_description":"Belt structure XHTG-15E34-2 &#8211; Thickness: 3.4mm. &#8211; Color: One side blue, one side white &#8211; Type: Poly sprint &#8211; Characteristics: anti-static, high durability &#8211; Jointing type: serrated &#8211; Industry of use: carton packaging production (flexo glue machine, Evol carton glue machine, Mitsubishi Heavy &#8211; Place of production: Nara factory &#8211; Japan &#8211; Brand: Nitta &#8211;","og_url":"https:\/\/ltk-belt.vn\/san-pham\/xhtg-15e34-2\/","og_site_name":"C\u00d4NG TY TNHH LONG TH\u00c0NH KI\u00caN","og_image":[{"url":"https:\/\/ltk-belt.vn\/wp-content\/uploads\/2023\/11\/XHTG-15E34-2-mau.jpg","type":"","width":"","height":""}],"twitter_card":"summary_large_image","schema":{"@context":"https:\/\/schema.org","@graph":[{"@type":"WebPage","@id":"https:\/\/ltk-belt.vn\/san-pham\/xhtg-15e34-2\/","url":"https:\/\/ltk-belt.vn\/san-pham\/xhtg-15e34-2\/","name":"XHTG-15E34-2 - C\u00d4NG TY TNHH LONG TH\u00c0NH KI\u00caN","isPartOf":{"@id":"https:\/\/ltk-belt.vn\/#website"},"primaryImageOfPage":{"@id":"https:\/\/ltk-belt.vn\/san-pham\/xhtg-15e34-2\/#primaryimage"},"image":{"@id":"https:\/\/ltk-belt.vn\/san-pham\/xhtg-15e34-2\/#primaryimage"},"thumbnailUrl":"https:\/\/ltk-belt.vn\/wp-content\/uploads\/2023\/11\/XHTG-15E34-2-mau.jpg","datePublished":"2023-11-16T16:37:11+00:00","breadcrumb":{"@id":"https:\/\/ltk-belt.vn\/san-pham\/xhtg-15e34-2\/#breadcrumb"},"inLanguage":"en-US","potentialAction":[{"@type":"ReadAction","target":["https:\/\/ltk-belt.vn\/san-pham\/xhtg-15e34-2\/"]}]},{"@type":"ImageObject","inLanguage":"en-US","@id":"https:\/\/ltk-belt.vn\/san-pham\/xhtg-15e34-2\/#primaryimage","url":"https:\/\/ltk-belt.vn\/wp-content\/uploads\/2023\/11\/XHTG-15E34-2-mau.jpg","contentUrl":"https:\/\/ltk-belt.vn\/wp-content\/uploads\/2023\/11\/XHTG-15E34-2-mau.jpg"},{"@type":"BreadcrumbList","@id":"https:\/\/ltk-belt.vn\/san-pham\/xhtg-15e34-2\/#breadcrumb","itemListElement":[{"@type":"ListItem","position":1,"name":"","item":"https:\/\/ltk-belt.vn\/en\/"},{"@type":"ListItem","position":2,"name":"Shop","item":"https:\/\/ltk-belt.vn\/cua-hang\/"},{"@type":"ListItem","position":3,"name":"XHTG-15E34-2"}]},{"@type":"WebSite","@id":"https:\/\/ltk-belt.vn\/#website","url":"https:\/\/ltk-belt.vn\/","name":"C\u00d4NG TY TNHH LONG TH\u00c0NH KI\u00caN","description":"","potentialAction":[{"@type":"SearchAction","target":{"@type":"EntryPoint","urlTemplate":"https:\/\/ltk-belt.vn\/?s={search_term_string}"},"query-input":{"@type":"PropertyValueSpecification","valueRequired":true,"valueName":"search_term_string"}}],"inLanguage":"en-US"}]}},"_links":{"self":[{"href":"https:\/\/ltk-belt.vn\/en\/wp-json\/wp\/v2\/product\/558","targetHints":{"allow":["GET"]}}],"collection":[{"href":"https:\/\/ltk-belt.vn\/en\/wp-json\/wp\/v2\/product"}],"about":[{"href":"https:\/\/ltk-belt.vn\/en\/wp-json\/wp\/v2\/types\/product"}],"replies":[{"embeddable":true,"href":"https:\/\/ltk-belt.vn\/en\/wp-json\/wp\/v2\/comments?post=558"}],"wp:attachment":[{"href":"https:\/\/ltk-belt.vn\/en\/wp-json\/wp\/v2\/media?parent=558"}],"wp:term":[{"taxonomy":"product_brand","embeddable":true,"href":"https:\/\/ltk-belt.vn\/en\/wp-json\/wp\/v2\/product_brand?post=558"},{"taxonomy":"product_cat","embeddable":true,"href":"https:\/\/ltk-belt.vn\/en\/wp-json\/wp\/v2\/product_cat?post=558"},{"taxonomy":"product_tag","embeddable":true,"href":"https:\/\/ltk-belt.vn\/en\/wp-json\/wp\/v2\/product_tag?post=558"}],"curies":[{"name":"wp","href":"https:\/\/api.w.org\/{rel}","templated":true}]}}