{"id":566,"date":"2023-11-16T23:49:42","date_gmt":"2023-11-16T16:49:42","guid":{"rendered":"https:\/\/41746.phuha.vinawebsite.vn\/san-pham\/ta-s6f\/"},"modified":"2023-11-16T23:49:42","modified_gmt":"2023-11-16T16:49:42","slug":"ta-s6f","status":"publish","type":"product","link":"https:\/\/ltk-belt.vn\/en\/san-pham\/ta-s6f\/","title":{"rendered":"TA-S6F"},"content":{"rendered":"<p><img loading=\"lazy\" decoding=\"async\" class=\"aligncenter size-full wp-image-310\" src=\"https:\/\/ltk-belt.vn\/wp-content\/uploads\/2023\/11\/TA-S6F.jpg\" alt=\"\" width=\"1654\" height=\"2339\" srcset=\"https:\/\/ltk-belt.vn\/wp-content\/uploads\/2023\/11\/TA-S6F.jpg 1654w, https:\/\/ltk-belt.vn\/wp-content\/uploads\/2023\/11\/TA-S6F-212x300.jpg 212w, https:\/\/ltk-belt.vn\/wp-content\/uploads\/2023\/11\/TA-S6F-724x1024.jpg 724w, https:\/\/ltk-belt.vn\/wp-content\/uploads\/2023\/11\/TA-S6F-768x1086.jpg 768w, https:\/\/ltk-belt.vn\/wp-content\/uploads\/2023\/11\/TA-S6F-1086x1536.jpg 1086w, https:\/\/ltk-belt.vn\/wp-content\/uploads\/2023\/11\/TA-S6F-1448x2048.jpg 1448w, https:\/\/ltk-belt.vn\/wp-content\/uploads\/2023\/11\/TA-S6F-600x848.jpg 600w\" sizes=\"auto, (max-width: 1654px) 100vw, 1654px\" \/><\/p>\n","protected":false},"excerpt":{"rendered":"","protected":false},"featured_media":0,"comment_status":"open","ping_status":"closed","template":"","meta":[],"product_brand":[],"product_cat":[43],"product_tag":[],"class_list":{"0":"post-566","1":"product","2":"type-product","3":"status-publish","5":"product_cat-nitta-belt-en","7":"first","8":"instock","9":"shipping-taxable","10":"product-type-simple"},"acf":[],"yoast_head":"<!-- This site is optimized with the Yoast SEO plugin v25.1 - https:\/\/yoast.com\/wordpress\/plugins\/seo\/ -->\n<title>TA-S6F - C\u00d4NG TY TNHH LONG TH\u00c0NH KI\u00caN<\/title>\n<meta name=\"robots\" content=\"index, follow, max-snippet:-1, max-image-preview:large, max-video-preview:-1\" \/>\n<link rel=\"canonical\" href=\"https:\/\/ltk-belt.vn\/san-pham\/ta-s6f\/\" \/>\n<meta property=\"og:locale\" content=\"en_US\" \/>\n<meta property=\"og:type\" content=\"article\" \/>\n<meta property=\"og:title\" content=\"TA-S6F - C\u00d4NG TY TNHH LONG TH\u00c0NH KI\u00caN\" \/>\n<meta property=\"og:url\" content=\"https:\/\/ltk-belt.vn\/san-pham\/ta-s6f\/\" \/>\n<meta property=\"og:site_name\" content=\"C\u00d4NG TY TNHH LONG TH\u00c0NH KI\u00caN\" \/>\n<meta property=\"og:image\" content=\"https:\/\/ltk-belt.vn\/wp-content\/uploads\/2023\/11\/TA-S6F.jpg\" \/>\n<meta name=\"twitter:card\" content=\"summary_large_image\" \/>\n<script type=\"application\/ld+json\" class=\"yoast-schema-graph\">{\"@context\":\"https:\/\/schema.org\",\"@graph\":[{\"@type\":\"WebPage\",\"@id\":\"https:\/\/ltk-belt.vn\/san-pham\/ta-s6f\/\",\"url\":\"https:\/\/ltk-belt.vn\/san-pham\/ta-s6f\/\",\"name\":\"TA-S6F - C\u00d4NG TY TNHH LONG TH\u00c0NH KI\u00caN\",\"isPartOf\":{\"@id\":\"https:\/\/ltk-belt.vn\/#website\"},\"primaryImageOfPage\":{\"@id\":\"https:\/\/ltk-belt.vn\/san-pham\/ta-s6f\/#primaryimage\"},\"image\":{\"@id\":\"https:\/\/ltk-belt.vn\/san-pham\/ta-s6f\/#primaryimage\"},\"thumbnailUrl\":\"https:\/\/ltk-belt.vn\/wp-content\/uploads\/2023\/11\/TA-S6F.jpg\",\"datePublished\":\"2023-11-16T16:49:42+00:00\",\"breadcrumb\":{\"@id\":\"https:\/\/ltk-belt.vn\/san-pham\/ta-s6f\/#breadcrumb\"},\"inLanguage\":\"en-US\",\"potentialAction\":[{\"@type\":\"ReadAction\",\"target\":[\"https:\/\/ltk-belt.vn\/san-pham\/ta-s6f\/\"]}]},{\"@type\":\"ImageObject\",\"inLanguage\":\"en-US\",\"@id\":\"https:\/\/ltk-belt.vn\/san-pham\/ta-s6f\/#primaryimage\",\"url\":\"https:\/\/ltk-belt.vn\/wp-content\/uploads\/2023\/11\/TA-S6F.jpg\",\"contentUrl\":\"https:\/\/ltk-belt.vn\/wp-content\/uploads\/2023\/11\/TA-S6F.jpg\"},{\"@type\":\"BreadcrumbList\",\"@id\":\"https:\/\/ltk-belt.vn\/san-pham\/ta-s6f\/#breadcrumb\",\"itemListElement\":[{\"@type\":\"ListItem\",\"position\":1,\"name\":\"\",\"item\":\"https:\/\/ltk-belt.vn\/en\/\"},{\"@type\":\"ListItem\",\"position\":2,\"name\":\"Shop\",\"item\":\"https:\/\/ltk-belt.vn\/cua-hang\/\"},{\"@type\":\"ListItem\",\"position\":3,\"name\":\"TA-S6F\"}]},{\"@type\":\"WebSite\",\"@id\":\"https:\/\/ltk-belt.vn\/#website\",\"url\":\"https:\/\/ltk-belt.vn\/\",\"name\":\"C\u00d4NG TY TNHH LONG TH\u00c0NH KI\u00caN\",\"description\":\"\",\"potentialAction\":[{\"@type\":\"SearchAction\",\"target\":{\"@type\":\"EntryPoint\",\"urlTemplate\":\"https:\/\/ltk-belt.vn\/?s={search_term_string}\"},\"query-input\":{\"@type\":\"PropertyValueSpecification\",\"valueRequired\":true,\"valueName\":\"search_term_string\"}}],\"inLanguage\":\"en-US\"}]}<\/script>\n<!-- \/ Yoast SEO plugin. -->","yoast_head_json":{"title":"TA-S6F - C\u00d4NG TY TNHH LONG TH\u00c0NH KI\u00caN","robots":{"index":"index","follow":"follow","max-snippet":"max-snippet:-1","max-image-preview":"max-image-preview:large","max-video-preview":"max-video-preview:-1"},"canonical":"https:\/\/ltk-belt.vn\/san-pham\/ta-s6f\/","og_locale":"en_US","og_type":"article","og_title":"TA-S6F - C\u00d4NG TY TNHH LONG TH\u00c0NH KI\u00caN","og_url":"https:\/\/ltk-belt.vn\/san-pham\/ta-s6f\/","og_site_name":"C\u00d4NG TY TNHH LONG TH\u00c0NH KI\u00caN","og_image":[{"url":"https:\/\/ltk-belt.vn\/wp-content\/uploads\/2023\/11\/TA-S6F.jpg","type":"","width":"","height":""}],"twitter_card":"summary_large_image","schema":{"@context":"https:\/\/schema.org","@graph":[{"@type":"WebPage","@id":"https:\/\/ltk-belt.vn\/san-pham\/ta-s6f\/","url":"https:\/\/ltk-belt.vn\/san-pham\/ta-s6f\/","name":"TA-S6F - C\u00d4NG TY TNHH LONG TH\u00c0NH KI\u00caN","isPartOf":{"@id":"https:\/\/ltk-belt.vn\/#website"},"primaryImageOfPage":{"@id":"https:\/\/ltk-belt.vn\/san-pham\/ta-s6f\/#primaryimage"},"image":{"@id":"https:\/\/ltk-belt.vn\/san-pham\/ta-s6f\/#primaryimage"},"thumbnailUrl":"https:\/\/ltk-belt.vn\/wp-content\/uploads\/2023\/11\/TA-S6F.jpg","datePublished":"2023-11-16T16:49:42+00:00","breadcrumb":{"@id":"https:\/\/ltk-belt.vn\/san-pham\/ta-s6f\/#breadcrumb"},"inLanguage":"en-US","potentialAction":[{"@type":"ReadAction","target":["https:\/\/ltk-belt.vn\/san-pham\/ta-s6f\/"]}]},{"@type":"ImageObject","inLanguage":"en-US","@id":"https:\/\/ltk-belt.vn\/san-pham\/ta-s6f\/#primaryimage","url":"https:\/\/ltk-belt.vn\/wp-content\/uploads\/2023\/11\/TA-S6F.jpg","contentUrl":"https:\/\/ltk-belt.vn\/wp-content\/uploads\/2023\/11\/TA-S6F.jpg"},{"@type":"BreadcrumbList","@id":"https:\/\/ltk-belt.vn\/san-pham\/ta-s6f\/#breadcrumb","itemListElement":[{"@type":"ListItem","position":1,"name":"","item":"https:\/\/ltk-belt.vn\/en\/"},{"@type":"ListItem","position":2,"name":"Shop","item":"https:\/\/ltk-belt.vn\/cua-hang\/"},{"@type":"ListItem","position":3,"name":"TA-S6F"}]},{"@type":"WebSite","@id":"https:\/\/ltk-belt.vn\/#website","url":"https:\/\/ltk-belt.vn\/","name":"C\u00d4NG TY TNHH LONG TH\u00c0NH KI\u00caN","description":"","potentialAction":[{"@type":"SearchAction","target":{"@type":"EntryPoint","urlTemplate":"https:\/\/ltk-belt.vn\/?s={search_term_string}"},"query-input":{"@type":"PropertyValueSpecification","valueRequired":true,"valueName":"search_term_string"}}],"inLanguage":"en-US"}]}},"_links":{"self":[{"href":"https:\/\/ltk-belt.vn\/en\/wp-json\/wp\/v2\/product\/566","targetHints":{"allow":["GET"]}}],"collection":[{"href":"https:\/\/ltk-belt.vn\/en\/wp-json\/wp\/v2\/product"}],"about":[{"href":"https:\/\/ltk-belt.vn\/en\/wp-json\/wp\/v2\/types\/product"}],"replies":[{"embeddable":true,"href":"https:\/\/ltk-belt.vn\/en\/wp-json\/wp\/v2\/comments?post=566"}],"wp:attachment":[{"href":"https:\/\/ltk-belt.vn\/en\/wp-json\/wp\/v2\/media?parent=566"}],"wp:term":[{"taxonomy":"product_brand","embeddable":true,"href":"https:\/\/ltk-belt.vn\/en\/wp-json\/wp\/v2\/product_brand?post=566"},{"taxonomy":"product_cat","embeddable":true,"href":"https:\/\/ltk-belt.vn\/en\/wp-json\/wp\/v2\/product_cat?post=566"},{"taxonomy":"product_tag","embeddable":true,"href":"https:\/\/ltk-belt.vn\/en\/wp-json\/wp\/v2\/product_tag?post=566"}],"curies":[{"name":"wp","href":"https:\/\/api.w.org\/{rel}","templated":true}]}}