{"id":567,"date":"2023-11-17T00:04:57","date_gmt":"2023-11-16T17:04:57","guid":{"rendered":"https:\/\/41746.phuha.vinawebsite.vn\/san-pham\/ltk-belt\/"},"modified":"2023-11-17T00:04:57","modified_gmt":"2023-11-16T17:04:57","slug":"ltk-belt","status":"publish","type":"product","link":"https:\/\/ltk-belt.vn\/en\/san-pham\/ltk-belt\/","title":{"rendered":"LTK-BELT"},"content":{"rendered":"<p><strong>LTK-BELT belt structure<\/strong><\/p>\n<p>&#8211; Thickness: \u2026mm.<\/p>\n<p>&#8211; Color: One side is colored (blue, gray, red, green), one side is black<\/p>\n<p>&#8211; Species: \u2026.<\/p>\n<p>&#8211; Characteristics: anti-static, reduces resistance wear, heat resistant, high friction resistance<\/p>\n<p>&#8211; Usage industry: electric cable, carton packaging production,&#8230;<\/p>\n<p>&#8211; Place of production: Long Thanh Kien Co., Ltd<\/p>\n<p>&#8211; Brand: LTK-BELT<\/p>\n<p>Application for low torque machines, high speed transmission,&#8230;<\/p>\n<p><img loading=\"lazy\" decoding=\"async\" class=\"alignleft wp-image-312 size-medium\" src=\"https:\/\/ltk-belt.vn\/wp-content\/uploads\/2023\/11\/ltk4-300x225.jpg\" alt=\"\" width=\"300\" height=\"225\" srcset=\"https:\/\/ltk-belt.vn\/wp-content\/uploads\/2023\/11\/ltk4-300x225.jpg 300w, https:\/\/ltk-belt.vn\/wp-content\/uploads\/2023\/11\/ltk4-600x450.jpg 600w, https:\/\/ltk-belt.vn\/wp-content\/uploads\/2023\/11\/ltk4.jpg 718w\" sizes=\"auto, (max-width: 300px) 100vw, 300px\" \/> <img loading=\"lazy\" decoding=\"async\" class=\"alignleft wp-image-313 size-medium\" src=\"https:\/\/ltk-belt.vn\/wp-content\/uploads\/2023\/11\/ltk3-300x232.jpg\" alt=\"\" width=\"300\" height=\"232\" srcset=\"https:\/\/ltk-belt.vn\/wp-content\/uploads\/2023\/11\/ltk3-300x232.jpg 300w, https:\/\/ltk-belt.vn\/wp-content\/uploads\/2023\/11\/ltk3-600x463.jpg 600w, https:\/\/ltk-belt.vn\/wp-content\/uploads\/2023\/11\/ltk3.jpg 690w\" sizes=\"auto, (max-width: 300px) 100vw, 300px\" \/> <img loading=\"lazy\" decoding=\"async\" class=\"alignleft wp-image-314 size-medium\" src=\"https:\/\/ltk-belt.vn\/wp-content\/uploads\/2023\/11\/ltk2-300x241.jpg\" alt=\"\" width=\"300\" height=\"241\" srcset=\"https:\/\/ltk-belt.vn\/wp-content\/uploads\/2023\/11\/ltk2-300x241.jpg 300w, https:\/\/ltk-belt.vn\/wp-content\/uploads\/2023\/11\/ltk2-600x481.jpg 600w, https:\/\/ltk-belt.vn\/wp-content\/uploads\/2023\/11\/ltk2.jpg 696w\" sizes=\"auto, (max-width: 300px) 100vw, 300px\" \/> <img loading=\"lazy\" decoding=\"async\" class=\"alignleft wp-image-315 size-medium\" src=\"https:\/\/ltk-belt.vn\/wp-content\/uploads\/2023\/11\/ltk1-300x240.jpg\" alt=\"\" width=\"300\" height=\"240\" srcset=\"https:\/\/ltk-belt.vn\/wp-content\/uploads\/2023\/11\/ltk1-300x240.jpg 300w, https:\/\/ltk-belt.vn\/wp-content\/uploads\/2023\/11\/ltk1-600x481.jpg 600w, https:\/\/ltk-belt.vn\/wp-content\/uploads\/2023\/11\/ltk1.jpg 695w\" sizes=\"auto, (max-width: 300px) 100vw, 300px\" \/><\/p>\n","protected":false},"excerpt":{"rendered":"<p>LTK-BELT belt structure &#8211; Thickness: \u2026mm. &#8211; Color: One side is colored (blue, gray, red, green), one side is black &#8211; Species: \u2026. &#8211; Characteristics: anti-static, reduces resistance wear, heat resistant, high friction resistance &#8211; Usage industry: electric cable, carton packaging production,&#8230; &#8211; Place of production: Long Thanh Kien Co., Ltd &#8211; Brand: LTK-BELT Application<\/p>\n","protected":false},"featured_media":385,"comment_status":"open","ping_status":"closed","template":"","meta":[],"product_brand":[],"product_cat":[42],"product_tag":[],"class_list":{"0":"post-567","1":"product","2":"type-product","3":"status-publish","4":"has-post-thumbnail","6":"product_cat-ltk-belt-en","8":"first","9":"instock","10":"shipping-taxable","11":"product-type-simple"},"acf":[],"yoast_head":"<!-- This site is optimized with the Yoast SEO plugin v25.1 - https:\/\/yoast.com\/wordpress\/plugins\/seo\/ -->\n<title>LTK-BELT - C\u00d4NG TY TNHH LONG TH\u00c0NH KI\u00caN<\/title>\n<meta name=\"robots\" content=\"index, follow, max-snippet:-1, max-image-preview:large, max-video-preview:-1\" \/>\n<link rel=\"canonical\" href=\"https:\/\/ltk-belt.vn\/san-pham\/ltk-belt\/\" \/>\n<meta property=\"og:locale\" content=\"en_US\" \/>\n<meta property=\"og:type\" content=\"article\" \/>\n<meta property=\"og:title\" content=\"LTK-BELT - C\u00d4NG TY TNHH LONG TH\u00c0NH KI\u00caN\" \/>\n<meta property=\"og:description\" content=\"LTK-BELT belt structure &#8211; Thickness: \u2026mm. &#8211; Color: One side is colored (blue, gray, red, green), one side is black &#8211; Species: \u2026. &#8211; Characteristics: anti-static, reduces resistance wear, heat resistant, high friction resistance &#8211; Usage industry: electric cable, carton packaging production,&#8230; &#8211; Place of production: Long Thanh Kien Co., Ltd &#8211; Brand: LTK-BELT Application\" \/>\n<meta property=\"og:url\" content=\"https:\/\/ltk-belt.vn\/san-pham\/ltk-belt\/\" \/>\n<meta property=\"og:site_name\" content=\"C\u00d4NG TY TNHH LONG TH\u00c0NH KI\u00caN\" \/>\n<meta property=\"og:image\" content=\"https:\/\/ltk-belt.vn\/wp-content\/uploads\/2023\/11\/ltk4.jpg\" \/>\n\t<meta property=\"og:image:width\" content=\"718\" \/>\n\t<meta property=\"og:image:height\" content=\"538\" \/>\n\t<meta property=\"og:image:type\" content=\"image\/jpeg\" \/>\n<meta name=\"twitter:card\" content=\"summary_large_image\" \/>\n<script type=\"application\/ld+json\" class=\"yoast-schema-graph\">{\"@context\":\"https:\/\/schema.org\",\"@graph\":[{\"@type\":\"WebPage\",\"@id\":\"https:\/\/ltk-belt.vn\/san-pham\/ltk-belt\/\",\"url\":\"https:\/\/ltk-belt.vn\/san-pham\/ltk-belt\/\",\"name\":\"LTK-BELT - C\u00d4NG TY TNHH LONG TH\u00c0NH KI\u00caN\",\"isPartOf\":{\"@id\":\"https:\/\/ltk-belt.vn\/#website\"},\"primaryImageOfPage\":{\"@id\":\"https:\/\/ltk-belt.vn\/san-pham\/ltk-belt\/#primaryimage\"},\"image\":{\"@id\":\"https:\/\/ltk-belt.vn\/san-pham\/ltk-belt\/#primaryimage\"},\"thumbnailUrl\":\"https:\/\/ltk-belt.vn\/wp-content\/uploads\/2023\/11\/ltk4.jpg\",\"datePublished\":\"2023-11-16T17:04:57+00:00\",\"breadcrumb\":{\"@id\":\"https:\/\/ltk-belt.vn\/san-pham\/ltk-belt\/#breadcrumb\"},\"inLanguage\":\"en-US\",\"potentialAction\":[{\"@type\":\"ReadAction\",\"target\":[\"https:\/\/ltk-belt.vn\/san-pham\/ltk-belt\/\"]}]},{\"@type\":\"ImageObject\",\"inLanguage\":\"en-US\",\"@id\":\"https:\/\/ltk-belt.vn\/san-pham\/ltk-belt\/#primaryimage\",\"url\":\"https:\/\/ltk-belt.vn\/wp-content\/uploads\/2023\/11\/ltk4.jpg\",\"contentUrl\":\"https:\/\/ltk-belt.vn\/wp-content\/uploads\/2023\/11\/ltk4.jpg\",\"width\":718,\"height\":538},{\"@type\":\"BreadcrumbList\",\"@id\":\"https:\/\/ltk-belt.vn\/san-pham\/ltk-belt\/#breadcrumb\",\"itemListElement\":[{\"@type\":\"ListItem\",\"position\":1,\"name\":\"\",\"item\":\"https:\/\/ltk-belt.vn\/en\/\"},{\"@type\":\"ListItem\",\"position\":2,\"name\":\"Shop\",\"item\":\"https:\/\/ltk-belt.vn\/cua-hang\/\"},{\"@type\":\"ListItem\",\"position\":3,\"name\":\"LTK-BELT\"}]},{\"@type\":\"WebSite\",\"@id\":\"https:\/\/ltk-belt.vn\/#website\",\"url\":\"https:\/\/ltk-belt.vn\/\",\"name\":\"C\u00d4NG TY TNHH LONG TH\u00c0NH KI\u00caN\",\"description\":\"\",\"potentialAction\":[{\"@type\":\"SearchAction\",\"target\":{\"@type\":\"EntryPoint\",\"urlTemplate\":\"https:\/\/ltk-belt.vn\/?s={search_term_string}\"},\"query-input\":{\"@type\":\"PropertyValueSpecification\",\"valueRequired\":true,\"valueName\":\"search_term_string\"}}],\"inLanguage\":\"en-US\"}]}<\/script>\n<!-- \/ Yoast SEO plugin. -->","yoast_head_json":{"title":"LTK-BELT - C\u00d4NG TY TNHH LONG TH\u00c0NH KI\u00caN","robots":{"index":"index","follow":"follow","max-snippet":"max-snippet:-1","max-image-preview":"max-image-preview:large","max-video-preview":"max-video-preview:-1"},"canonical":"https:\/\/ltk-belt.vn\/san-pham\/ltk-belt\/","og_locale":"en_US","og_type":"article","og_title":"LTK-BELT - C\u00d4NG TY TNHH LONG TH\u00c0NH KI\u00caN","og_description":"LTK-BELT belt structure &#8211; Thickness: \u2026mm. &#8211; Color: One side is colored (blue, gray, red, green), one side is black &#8211; Species: \u2026. &#8211; Characteristics: anti-static, reduces resistance wear, heat resistant, high friction resistance &#8211; Usage industry: electric cable, carton packaging production,&#8230; &#8211; Place of production: Long Thanh Kien Co., Ltd &#8211; Brand: LTK-BELT Application","og_url":"https:\/\/ltk-belt.vn\/san-pham\/ltk-belt\/","og_site_name":"C\u00d4NG TY TNHH LONG TH\u00c0NH KI\u00caN","og_image":[{"width":718,"height":538,"url":"https:\/\/ltk-belt.vn\/wp-content\/uploads\/2023\/11\/ltk4.jpg","type":"image\/jpeg"}],"twitter_card":"summary_large_image","schema":{"@context":"https:\/\/schema.org","@graph":[{"@type":"WebPage","@id":"https:\/\/ltk-belt.vn\/san-pham\/ltk-belt\/","url":"https:\/\/ltk-belt.vn\/san-pham\/ltk-belt\/","name":"LTK-BELT - C\u00d4NG TY TNHH LONG TH\u00c0NH KI\u00caN","isPartOf":{"@id":"https:\/\/ltk-belt.vn\/#website"},"primaryImageOfPage":{"@id":"https:\/\/ltk-belt.vn\/san-pham\/ltk-belt\/#primaryimage"},"image":{"@id":"https:\/\/ltk-belt.vn\/san-pham\/ltk-belt\/#primaryimage"},"thumbnailUrl":"https:\/\/ltk-belt.vn\/wp-content\/uploads\/2023\/11\/ltk4.jpg","datePublished":"2023-11-16T17:04:57+00:00","breadcrumb":{"@id":"https:\/\/ltk-belt.vn\/san-pham\/ltk-belt\/#breadcrumb"},"inLanguage":"en-US","potentialAction":[{"@type":"ReadAction","target":["https:\/\/ltk-belt.vn\/san-pham\/ltk-belt\/"]}]},{"@type":"ImageObject","inLanguage":"en-US","@id":"https:\/\/ltk-belt.vn\/san-pham\/ltk-belt\/#primaryimage","url":"https:\/\/ltk-belt.vn\/wp-content\/uploads\/2023\/11\/ltk4.jpg","contentUrl":"https:\/\/ltk-belt.vn\/wp-content\/uploads\/2023\/11\/ltk4.jpg","width":718,"height":538},{"@type":"BreadcrumbList","@id":"https:\/\/ltk-belt.vn\/san-pham\/ltk-belt\/#breadcrumb","itemListElement":[{"@type":"ListItem","position":1,"name":"","item":"https:\/\/ltk-belt.vn\/en\/"},{"@type":"ListItem","position":2,"name":"Shop","item":"https:\/\/ltk-belt.vn\/cua-hang\/"},{"@type":"ListItem","position":3,"name":"LTK-BELT"}]},{"@type":"WebSite","@id":"https:\/\/ltk-belt.vn\/#website","url":"https:\/\/ltk-belt.vn\/","name":"C\u00d4NG TY TNHH LONG TH\u00c0NH KI\u00caN","description":"","potentialAction":[{"@type":"SearchAction","target":{"@type":"EntryPoint","urlTemplate":"https:\/\/ltk-belt.vn\/?s={search_term_string}"},"query-input":{"@type":"PropertyValueSpecification","valueRequired":true,"valueName":"search_term_string"}}],"inLanguage":"en-US"}]}},"_links":{"self":[{"href":"https:\/\/ltk-belt.vn\/en\/wp-json\/wp\/v2\/product\/567","targetHints":{"allow":["GET"]}}],"collection":[{"href":"https:\/\/ltk-belt.vn\/en\/wp-json\/wp\/v2\/product"}],"about":[{"href":"https:\/\/ltk-belt.vn\/en\/wp-json\/wp\/v2\/types\/product"}],"replies":[{"embeddable":true,"href":"https:\/\/ltk-belt.vn\/en\/wp-json\/wp\/v2\/comments?post=567"}],"wp:featuredmedia":[{"embeddable":true,"href":"https:\/\/ltk-belt.vn\/en\/wp-json\/wp\/v2\/media\/385"}],"wp:attachment":[{"href":"https:\/\/ltk-belt.vn\/en\/wp-json\/wp\/v2\/media?parent=567"}],"wp:term":[{"taxonomy":"product_brand","embeddable":true,"href":"https:\/\/ltk-belt.vn\/en\/wp-json\/wp\/v2\/product_brand?post=567"},{"taxonomy":"product_cat","embeddable":true,"href":"https:\/\/ltk-belt.vn\/en\/wp-json\/wp\/v2\/product_cat?post=567"},{"taxonomy":"product_tag","embeddable":true,"href":"https:\/\/ltk-belt.vn\/en\/wp-json\/wp\/v2\/product_tag?post=567"}],"curies":[{"name":"wp","href":"https:\/\/api.w.org\/{rel}","templated":true}]}}