{"id":568,"date":"2023-11-20T09:02:19","date_gmt":"2023-11-20T02:02:19","guid":{"rendered":"https:\/\/41746.phuha.vinawebsite.vn\/san-pham\/paper-and-carton-packaging-industry\/"},"modified":"2023-11-20T09:02:19","modified_gmt":"2023-11-20T02:02:19","slug":"paper-and-carton-packaging-industry","status":"publish","type":"product","link":"https:\/\/ltk-belt.vn\/en\/san-pham\/paper-and-carton-packaging-industry\/","title":{"rendered":"Paper and carton packaging industry"},"content":{"rendered":"<p>Depending on the machine model, we recommend using Belts &#8211; Conveyors suitable for different types of machines such as<\/p>\n<p>Types of box sealing machines, product inspection machines: Sugani, Ashahi, SunEng, Bobst, Hoson, Domino,&#8230; use codes XH-500-4, XH-500-3, SE-A-GN due to friction and durable, high flexibility and good abrasion resistance. Helps the product to bend, twist and work effectively in some important positions of box sealing machines.<\/p>\n<p>Types of leaflet printers such as; Daiya Mitsubishi, Lithrone Komori-Japan.Roland, Hedelberg-Germany,\u2026 High-speed roll printer: Mercury-Heidelberg, Heatset, Goss M6000,\u2026 Roll discharger: Acura, HSC-1400\/1700B, CHM-1400,\u2026 These machines use max SG-350, SG-500 due to their high friction, durability and abrasion resistance.<\/p>\n<p>In addition, in some important positions of packaging and printing machines, some codes such as L-750, 2LRF-105 LD, 2 LRAWF 1310 GP, L-500, LA-250, RT are often used. -300, H-750, XHTG-15E34-2, 2LRAWF 2307 RB, SLA-8E14.<\/p>\n","protected":false},"excerpt":{"rendered":"<p>Depending on the machine model, we recommend using Belts &#8211; Conveyors suitable for different types of machines such as Types of box sealing machines, product inspection machines: Sugani, Ashahi, SunEng, Bobst, Hoson, Domino,&#8230; use codes XH-500-4, XH-500-3, SE-A-GN due to friction and durable, high flexibility and good abrasion resistance. Helps the product to bend, twist<\/p>\n","protected":false},"featured_media":393,"comment_status":"open","ping_status":"closed","template":"","meta":[],"product_brand":[],"product_cat":[45],"product_tag":[],"class_list":{"0":"post-568","1":"product","2":"type-product","3":"status-publish","4":"has-post-thumbnail","6":"product_cat-career","8":"first","9":"instock","10":"shipping-taxable","11":"product-type-simple"},"acf":[],"yoast_head":"<!-- This site is optimized with the Yoast SEO plugin v25.1 - https:\/\/yoast.com\/wordpress\/plugins\/seo\/ -->\n<title>Paper and carton packaging industry - C\u00d4NG TY TNHH LONG TH\u00c0NH KI\u00caN<\/title>\n<meta name=\"robots\" content=\"index, follow, max-snippet:-1, max-image-preview:large, max-video-preview:-1\" \/>\n<link rel=\"canonical\" href=\"https:\/\/ltk-belt.vn\/san-pham\/nganh-bao-bi-giay-carton\/\" \/>\n<meta property=\"og:locale\" content=\"en_US\" \/>\n<meta property=\"og:type\" content=\"article\" \/>\n<meta property=\"og:title\" content=\"Paper and carton packaging industry - C\u00d4NG TY TNHH LONG TH\u00c0NH KI\u00caN\" \/>\n<meta property=\"og:description\" content=\"Depending on the machine model, we recommend using Belts &#8211; Conveyors suitable for different types of machines such as Types of box sealing machines, product inspection machines: Sugani, Ashahi, SunEng, Bobst, Hoson, Domino,&#8230; use codes XH-500-4, XH-500-3, SE-A-GN due to friction and durable, high flexibility and good abrasion resistance. Helps the product to bend, twist\" \/>\n<meta property=\"og:url\" content=\"https:\/\/ltk-belt.vn\/san-pham\/nganh-bao-bi-giay-carton\/\" \/>\n<meta property=\"og:site_name\" content=\"C\u00d4NG TY TNHH LONG TH\u00c0NH KI\u00caN\" \/>\n<meta property=\"og:image\" content=\"https:\/\/ltk-belt.vn\/wp-content\/uploads\/2023\/11\/2LRAWF-2307-RB.jpg\" \/>\n\t<meta property=\"og:image:width\" content=\"393\" \/>\n\t<meta property=\"og:image:height\" content=\"700\" \/>\n\t<meta property=\"og:image:type\" content=\"image\/jpeg\" \/>\n<meta name=\"twitter:card\" content=\"summary_large_image\" \/>\n<meta name=\"twitter:label1\" content=\"Est. reading time\" \/>\n\t<meta name=\"twitter:data1\" content=\"1 minute\" \/>\n<script type=\"application\/ld+json\" class=\"yoast-schema-graph\">{\"@context\":\"https:\/\/schema.org\",\"@graph\":[{\"@type\":\"WebPage\",\"@id\":\"https:\/\/ltk-belt.vn\/san-pham\/nganh-bao-bi-giay-carton\/\",\"url\":\"https:\/\/ltk-belt.vn\/san-pham\/nganh-bao-bi-giay-carton\/\",\"name\":\"Paper and carton packaging industry - C\u00d4NG TY TNHH LONG TH\u00c0NH KI\u00caN\",\"isPartOf\":{\"@id\":\"https:\/\/ltk-belt.vn\/#website\"},\"primaryImageOfPage\":{\"@id\":\"https:\/\/ltk-belt.vn\/san-pham\/nganh-bao-bi-giay-carton\/#primaryimage\"},\"image\":{\"@id\":\"https:\/\/ltk-belt.vn\/san-pham\/nganh-bao-bi-giay-carton\/#primaryimage\"},\"thumbnailUrl\":\"https:\/\/ltk-belt.vn\/wp-content\/uploads\/2023\/11\/2LRAWF-2307-RB.jpg\",\"datePublished\":\"2023-11-20T02:02:19+00:00\",\"breadcrumb\":{\"@id\":\"https:\/\/ltk-belt.vn\/san-pham\/nganh-bao-bi-giay-carton\/#breadcrumb\"},\"inLanguage\":\"en-US\",\"potentialAction\":[{\"@type\":\"ReadAction\",\"target\":[\"https:\/\/ltk-belt.vn\/san-pham\/nganh-bao-bi-giay-carton\/\"]}]},{\"@type\":\"ImageObject\",\"inLanguage\":\"en-US\",\"@id\":\"https:\/\/ltk-belt.vn\/san-pham\/nganh-bao-bi-giay-carton\/#primaryimage\",\"url\":\"https:\/\/ltk-belt.vn\/wp-content\/uploads\/2023\/11\/2LRAWF-2307-RB.jpg\",\"contentUrl\":\"https:\/\/ltk-belt.vn\/wp-content\/uploads\/2023\/11\/2LRAWF-2307-RB.jpg\",\"width\":393,\"height\":700},{\"@type\":\"BreadcrumbList\",\"@id\":\"https:\/\/ltk-belt.vn\/san-pham\/nganh-bao-bi-giay-carton\/#breadcrumb\",\"itemListElement\":[{\"@type\":\"ListItem\",\"position\":1,\"name\":\"\",\"item\":\"https:\/\/ltk-belt.vn\/en\/\"},{\"@type\":\"ListItem\",\"position\":2,\"name\":\"Shop\",\"item\":\"https:\/\/ltk-belt.vn\/cua-hang\/\"},{\"@type\":\"ListItem\",\"position\":3,\"name\":\"Paper and carton packaging industry\"}]},{\"@type\":\"WebSite\",\"@id\":\"https:\/\/ltk-belt.vn\/#website\",\"url\":\"https:\/\/ltk-belt.vn\/\",\"name\":\"C\u00d4NG TY TNHH LONG TH\u00c0NH KI\u00caN\",\"description\":\"\",\"potentialAction\":[{\"@type\":\"SearchAction\",\"target\":{\"@type\":\"EntryPoint\",\"urlTemplate\":\"https:\/\/ltk-belt.vn\/?s={search_term_string}\"},\"query-input\":{\"@type\":\"PropertyValueSpecification\",\"valueRequired\":true,\"valueName\":\"search_term_string\"}}],\"inLanguage\":\"en-US\"}]}<\/script>\n<!-- \/ Yoast SEO plugin. -->","yoast_head_json":{"title":"Paper and carton packaging industry - C\u00d4NG TY TNHH LONG TH\u00c0NH KI\u00caN","robots":{"index":"index","follow":"follow","max-snippet":"max-snippet:-1","max-image-preview":"max-image-preview:large","max-video-preview":"max-video-preview:-1"},"canonical":"https:\/\/ltk-belt.vn\/san-pham\/nganh-bao-bi-giay-carton\/","og_locale":"en_US","og_type":"article","og_title":"Paper and carton packaging industry - C\u00d4NG TY TNHH LONG TH\u00c0NH KI\u00caN","og_description":"Depending on the machine model, we recommend using Belts &#8211; Conveyors suitable for different types of machines such as Types of box sealing machines, product inspection machines: Sugani, Ashahi, SunEng, Bobst, Hoson, Domino,&#8230; use codes XH-500-4, XH-500-3, SE-A-GN due to friction and durable, high flexibility and good abrasion resistance. Helps the product to bend, twist","og_url":"https:\/\/ltk-belt.vn\/san-pham\/nganh-bao-bi-giay-carton\/","og_site_name":"C\u00d4NG TY TNHH LONG TH\u00c0NH KI\u00caN","og_image":[{"width":393,"height":700,"url":"https:\/\/ltk-belt.vn\/wp-content\/uploads\/2023\/11\/2LRAWF-2307-RB.jpg","type":"image\/jpeg"}],"twitter_card":"summary_large_image","twitter_misc":{"Est. reading time":"1 minute"},"schema":{"@context":"https:\/\/schema.org","@graph":[{"@type":"WebPage","@id":"https:\/\/ltk-belt.vn\/san-pham\/nganh-bao-bi-giay-carton\/","url":"https:\/\/ltk-belt.vn\/san-pham\/nganh-bao-bi-giay-carton\/","name":"Paper and carton packaging industry - C\u00d4NG TY TNHH LONG TH\u00c0NH KI\u00caN","isPartOf":{"@id":"https:\/\/ltk-belt.vn\/#website"},"primaryImageOfPage":{"@id":"https:\/\/ltk-belt.vn\/san-pham\/nganh-bao-bi-giay-carton\/#primaryimage"},"image":{"@id":"https:\/\/ltk-belt.vn\/san-pham\/nganh-bao-bi-giay-carton\/#primaryimage"},"thumbnailUrl":"https:\/\/ltk-belt.vn\/wp-content\/uploads\/2023\/11\/2LRAWF-2307-RB.jpg","datePublished":"2023-11-20T02:02:19+00:00","breadcrumb":{"@id":"https:\/\/ltk-belt.vn\/san-pham\/nganh-bao-bi-giay-carton\/#breadcrumb"},"inLanguage":"en-US","potentialAction":[{"@type":"ReadAction","target":["https:\/\/ltk-belt.vn\/san-pham\/nganh-bao-bi-giay-carton\/"]}]},{"@type":"ImageObject","inLanguage":"en-US","@id":"https:\/\/ltk-belt.vn\/san-pham\/nganh-bao-bi-giay-carton\/#primaryimage","url":"https:\/\/ltk-belt.vn\/wp-content\/uploads\/2023\/11\/2LRAWF-2307-RB.jpg","contentUrl":"https:\/\/ltk-belt.vn\/wp-content\/uploads\/2023\/11\/2LRAWF-2307-RB.jpg","width":393,"height":700},{"@type":"BreadcrumbList","@id":"https:\/\/ltk-belt.vn\/san-pham\/nganh-bao-bi-giay-carton\/#breadcrumb","itemListElement":[{"@type":"ListItem","position":1,"name":"","item":"https:\/\/ltk-belt.vn\/en\/"},{"@type":"ListItem","position":2,"name":"Shop","item":"https:\/\/ltk-belt.vn\/cua-hang\/"},{"@type":"ListItem","position":3,"name":"Paper and carton packaging industry"}]},{"@type":"WebSite","@id":"https:\/\/ltk-belt.vn\/#website","url":"https:\/\/ltk-belt.vn\/","name":"C\u00d4NG TY TNHH LONG TH\u00c0NH KI\u00caN","description":"","potentialAction":[{"@type":"SearchAction","target":{"@type":"EntryPoint","urlTemplate":"https:\/\/ltk-belt.vn\/?s={search_term_string}"},"query-input":{"@type":"PropertyValueSpecification","valueRequired":true,"valueName":"search_term_string"}}],"inLanguage":"en-US"}]}},"_links":{"self":[{"href":"https:\/\/ltk-belt.vn\/en\/wp-json\/wp\/v2\/product\/568","targetHints":{"allow":["GET"]}}],"collection":[{"href":"https:\/\/ltk-belt.vn\/en\/wp-json\/wp\/v2\/product"}],"about":[{"href":"https:\/\/ltk-belt.vn\/en\/wp-json\/wp\/v2\/types\/product"}],"replies":[{"embeddable":true,"href":"https:\/\/ltk-belt.vn\/en\/wp-json\/wp\/v2\/comments?post=568"}],"wp:featuredmedia":[{"embeddable":true,"href":"https:\/\/ltk-belt.vn\/en\/wp-json\/wp\/v2\/media\/393"}],"wp:attachment":[{"href":"https:\/\/ltk-belt.vn\/en\/wp-json\/wp\/v2\/media?parent=568"}],"wp:term":[{"taxonomy":"product_brand","embeddable":true,"href":"https:\/\/ltk-belt.vn\/en\/wp-json\/wp\/v2\/product_brand?post=568"},{"taxonomy":"product_cat","embeddable":true,"href":"https:\/\/ltk-belt.vn\/en\/wp-json\/wp\/v2\/product_cat?post=568"},{"taxonomy":"product_tag","embeddable":true,"href":"https:\/\/ltk-belt.vn\/en\/wp-json\/wp\/v2\/product_tag?post=568"}],"curies":[{"name":"wp","href":"https:\/\/api.w.org\/{rel}","templated":true}]}}