{"id":571,"date":"2023-11-20T09:30:45","date_gmt":"2023-11-20T02:30:45","guid":{"rendered":"https:\/\/41746.phuha.vinawebsite.vn\/san-pham\/solar-battery-manufacturing-industry-solar\/"},"modified":"2023-11-20T09:30:45","modified_gmt":"2023-11-20T02:30:45","slug":"solar-battery-manufacturing-industry-solar","status":"publish","type":"product","link":"https:\/\/ltk-belt.vn\/en\/san-pham\/solar-battery-manufacturing-industry-solar\/","title":{"rendered":"Solar battery manufacturing industry (Solar)"},"content":{"rendered":"<p><strong>Solar panel<\/strong>, also known as photovoltaic battery (Solar panel), consists of many photovoltaic cells (solar cells). Photovoltaic cells are assembled into blocks to become solar cells.<\/p>\n<p><strong><em>          <\/em><\/strong>Currently, with modern technology and equipment, solar battery production is done entirely on machines and transmitted by Belts &#8211; Conveyors. And with the required accuracy and safety characteristics of solar panels, supporting devices are required to have high durability and friction, adhesion or abrasion resistance. That is also one of the features of LTK company&#8217;s Nitta brand belts. With the strict production and inspection process from the Nara-Japan factory, our company respectfully introduces to you the appropriate belt codes for solar battery production stages such as<\/p>\n","protected":false},"excerpt":{"rendered":"<p>Solar panel, also known as photovoltaic battery (Solar panel), consists of many photovoltaic cells (solar cells). Photovoltaic cells are assembled into blocks to become solar cells. Currently, with modern technology and equipment, solar battery production is done entirely on machines and transmitted by Belts &#8211; Conveyors. And with the required accuracy and safety characteristics of<\/p>\n","protected":false},"featured_media":486,"comment_status":"open","ping_status":"closed","template":"","meta":[],"product_brand":[],"product_cat":[45],"product_tag":[],"class_list":{"0":"post-571","1":"product","2":"type-product","3":"status-publish","4":"has-post-thumbnail","6":"product_cat-career","8":"first","9":"instock","10":"shipping-taxable","11":"product-type-simple"},"acf":[],"yoast_head":"<!-- This site is optimized with the Yoast SEO plugin v25.1 - https:\/\/yoast.com\/wordpress\/plugins\/seo\/ -->\n<title>Solar battery manufacturing industry (Solar) - C\u00d4NG TY TNHH LONG TH\u00c0NH KI\u00caN<\/title>\n<meta name=\"robots\" content=\"index, follow, max-snippet:-1, max-image-preview:large, max-video-preview:-1\" \/>\n<link rel=\"canonical\" href=\"https:\/\/ltk-belt.vn\/san-pham\/nganh-san-xuat-pin-nang-luong-mat-troi-solar\/\" \/>\n<meta property=\"og:locale\" content=\"en_US\" \/>\n<meta property=\"og:type\" content=\"article\" \/>\n<meta property=\"og:title\" content=\"Solar battery manufacturing industry (Solar) - C\u00d4NG TY TNHH LONG TH\u00c0NH KI\u00caN\" \/>\n<meta property=\"og:description\" content=\"Solar panel, also known as photovoltaic battery (Solar panel), consists of many photovoltaic cells (solar cells). Photovoltaic cells are assembled into blocks to become solar cells. Currently, with modern technology and equipment, solar battery production is done entirely on machines and transmitted by Belts &#8211; Conveyors. And with the required accuracy and safety characteristics of\" \/>\n<meta property=\"og:url\" content=\"https:\/\/ltk-belt.vn\/san-pham\/nganh-san-xuat-pin-nang-luong-mat-troi-solar\/\" \/>\n<meta property=\"og:site_name\" content=\"C\u00d4NG TY TNHH LONG TH\u00c0NH KI\u00caN\" \/>\n<meta property=\"og:image\" content=\"https:\/\/ltk-belt.vn\/wp-content\/uploads\/2023\/11\/TA-12.jpg\" \/>\n\t<meta property=\"og:image:width\" content=\"686\" \/>\n\t<meta property=\"og:image:height\" content=\"915\" \/>\n\t<meta property=\"og:image:type\" content=\"image\/jpeg\" \/>\n<meta name=\"twitter:card\" content=\"summary_large_image\" \/>\n<meta name=\"twitter:label1\" content=\"Est. reading time\" \/>\n\t<meta name=\"twitter:data1\" content=\"1 minute\" \/>\n<script type=\"application\/ld+json\" class=\"yoast-schema-graph\">{\"@context\":\"https:\/\/schema.org\",\"@graph\":[{\"@type\":\"WebPage\",\"@id\":\"https:\/\/ltk-belt.vn\/san-pham\/nganh-san-xuat-pin-nang-luong-mat-troi-solar\/\",\"url\":\"https:\/\/ltk-belt.vn\/san-pham\/nganh-san-xuat-pin-nang-luong-mat-troi-solar\/\",\"name\":\"Solar battery manufacturing industry (Solar) - C\u00d4NG TY TNHH LONG TH\u00c0NH KI\u00caN\",\"isPartOf\":{\"@id\":\"https:\/\/ltk-belt.vn\/#website\"},\"primaryImageOfPage\":{\"@id\":\"https:\/\/ltk-belt.vn\/san-pham\/nganh-san-xuat-pin-nang-luong-mat-troi-solar\/#primaryimage\"},\"image\":{\"@id\":\"https:\/\/ltk-belt.vn\/san-pham\/nganh-san-xuat-pin-nang-luong-mat-troi-solar\/#primaryimage\"},\"thumbnailUrl\":\"https:\/\/ltk-belt.vn\/wp-content\/uploads\/2023\/11\/TA-12.jpg\",\"datePublished\":\"2023-11-20T02:30:45+00:00\",\"breadcrumb\":{\"@id\":\"https:\/\/ltk-belt.vn\/san-pham\/nganh-san-xuat-pin-nang-luong-mat-troi-solar\/#breadcrumb\"},\"inLanguage\":\"en-US\",\"potentialAction\":[{\"@type\":\"ReadAction\",\"target\":[\"https:\/\/ltk-belt.vn\/san-pham\/nganh-san-xuat-pin-nang-luong-mat-troi-solar\/\"]}]},{\"@type\":\"ImageObject\",\"inLanguage\":\"en-US\",\"@id\":\"https:\/\/ltk-belt.vn\/san-pham\/nganh-san-xuat-pin-nang-luong-mat-troi-solar\/#primaryimage\",\"url\":\"https:\/\/ltk-belt.vn\/wp-content\/uploads\/2023\/11\/TA-12.jpg\",\"contentUrl\":\"https:\/\/ltk-belt.vn\/wp-content\/uploads\/2023\/11\/TA-12.jpg\",\"width\":686,\"height\":915},{\"@type\":\"BreadcrumbList\",\"@id\":\"https:\/\/ltk-belt.vn\/san-pham\/nganh-san-xuat-pin-nang-luong-mat-troi-solar\/#breadcrumb\",\"itemListElement\":[{\"@type\":\"ListItem\",\"position\":1,\"name\":\"\",\"item\":\"https:\/\/ltk-belt.vn\/en\/\"},{\"@type\":\"ListItem\",\"position\":2,\"name\":\"Shop\",\"item\":\"https:\/\/ltk-belt.vn\/cua-hang\/\"},{\"@type\":\"ListItem\",\"position\":3,\"name\":\"Solar battery manufacturing industry (Solar)\"}]},{\"@type\":\"WebSite\",\"@id\":\"https:\/\/ltk-belt.vn\/#website\",\"url\":\"https:\/\/ltk-belt.vn\/\",\"name\":\"C\u00d4NG TY TNHH LONG TH\u00c0NH KI\u00caN\",\"description\":\"\",\"potentialAction\":[{\"@type\":\"SearchAction\",\"target\":{\"@type\":\"EntryPoint\",\"urlTemplate\":\"https:\/\/ltk-belt.vn\/?s={search_term_string}\"},\"query-input\":{\"@type\":\"PropertyValueSpecification\",\"valueRequired\":true,\"valueName\":\"search_term_string\"}}],\"inLanguage\":\"en-US\"}]}<\/script>\n<!-- \/ Yoast SEO plugin. -->","yoast_head_json":{"title":"Solar battery manufacturing industry (Solar) - C\u00d4NG TY TNHH LONG TH\u00c0NH KI\u00caN","robots":{"index":"index","follow":"follow","max-snippet":"max-snippet:-1","max-image-preview":"max-image-preview:large","max-video-preview":"max-video-preview:-1"},"canonical":"https:\/\/ltk-belt.vn\/san-pham\/nganh-san-xuat-pin-nang-luong-mat-troi-solar\/","og_locale":"en_US","og_type":"article","og_title":"Solar battery manufacturing industry (Solar) - C\u00d4NG TY TNHH LONG TH\u00c0NH KI\u00caN","og_description":"Solar panel, also known as photovoltaic battery (Solar panel), consists of many photovoltaic cells (solar cells). Photovoltaic cells are assembled into blocks to become solar cells. Currently, with modern technology and equipment, solar battery production is done entirely on machines and transmitted by Belts &#8211; Conveyors. And with the required accuracy and safety characteristics of","og_url":"https:\/\/ltk-belt.vn\/san-pham\/nganh-san-xuat-pin-nang-luong-mat-troi-solar\/","og_site_name":"C\u00d4NG TY TNHH LONG TH\u00c0NH KI\u00caN","og_image":[{"width":686,"height":915,"url":"https:\/\/ltk-belt.vn\/wp-content\/uploads\/2023\/11\/TA-12.jpg","type":"image\/jpeg"}],"twitter_card":"summary_large_image","twitter_misc":{"Est. reading time":"1 minute"},"schema":{"@context":"https:\/\/schema.org","@graph":[{"@type":"WebPage","@id":"https:\/\/ltk-belt.vn\/san-pham\/nganh-san-xuat-pin-nang-luong-mat-troi-solar\/","url":"https:\/\/ltk-belt.vn\/san-pham\/nganh-san-xuat-pin-nang-luong-mat-troi-solar\/","name":"Solar battery manufacturing industry (Solar) - C\u00d4NG TY TNHH LONG TH\u00c0NH KI\u00caN","isPartOf":{"@id":"https:\/\/ltk-belt.vn\/#website"},"primaryImageOfPage":{"@id":"https:\/\/ltk-belt.vn\/san-pham\/nganh-san-xuat-pin-nang-luong-mat-troi-solar\/#primaryimage"},"image":{"@id":"https:\/\/ltk-belt.vn\/san-pham\/nganh-san-xuat-pin-nang-luong-mat-troi-solar\/#primaryimage"},"thumbnailUrl":"https:\/\/ltk-belt.vn\/wp-content\/uploads\/2023\/11\/TA-12.jpg","datePublished":"2023-11-20T02:30:45+00:00","breadcrumb":{"@id":"https:\/\/ltk-belt.vn\/san-pham\/nganh-san-xuat-pin-nang-luong-mat-troi-solar\/#breadcrumb"},"inLanguage":"en-US","potentialAction":[{"@type":"ReadAction","target":["https:\/\/ltk-belt.vn\/san-pham\/nganh-san-xuat-pin-nang-luong-mat-troi-solar\/"]}]},{"@type":"ImageObject","inLanguage":"en-US","@id":"https:\/\/ltk-belt.vn\/san-pham\/nganh-san-xuat-pin-nang-luong-mat-troi-solar\/#primaryimage","url":"https:\/\/ltk-belt.vn\/wp-content\/uploads\/2023\/11\/TA-12.jpg","contentUrl":"https:\/\/ltk-belt.vn\/wp-content\/uploads\/2023\/11\/TA-12.jpg","width":686,"height":915},{"@type":"BreadcrumbList","@id":"https:\/\/ltk-belt.vn\/san-pham\/nganh-san-xuat-pin-nang-luong-mat-troi-solar\/#breadcrumb","itemListElement":[{"@type":"ListItem","position":1,"name":"","item":"https:\/\/ltk-belt.vn\/en\/"},{"@type":"ListItem","position":2,"name":"Shop","item":"https:\/\/ltk-belt.vn\/cua-hang\/"},{"@type":"ListItem","position":3,"name":"Solar battery manufacturing industry (Solar)"}]},{"@type":"WebSite","@id":"https:\/\/ltk-belt.vn\/#website","url":"https:\/\/ltk-belt.vn\/","name":"C\u00d4NG TY TNHH LONG TH\u00c0NH KI\u00caN","description":"","potentialAction":[{"@type":"SearchAction","target":{"@type":"EntryPoint","urlTemplate":"https:\/\/ltk-belt.vn\/?s={search_term_string}"},"query-input":{"@type":"PropertyValueSpecification","valueRequired":true,"valueName":"search_term_string"}}],"inLanguage":"en-US"}]}},"_links":{"self":[{"href":"https:\/\/ltk-belt.vn\/en\/wp-json\/wp\/v2\/product\/571","targetHints":{"allow":["GET"]}}],"collection":[{"href":"https:\/\/ltk-belt.vn\/en\/wp-json\/wp\/v2\/product"}],"about":[{"href":"https:\/\/ltk-belt.vn\/en\/wp-json\/wp\/v2\/types\/product"}],"replies":[{"embeddable":true,"href":"https:\/\/ltk-belt.vn\/en\/wp-json\/wp\/v2\/comments?post=571"}],"wp:featuredmedia":[{"embeddable":true,"href":"https:\/\/ltk-belt.vn\/en\/wp-json\/wp\/v2\/media\/486"}],"wp:attachment":[{"href":"https:\/\/ltk-belt.vn\/en\/wp-json\/wp\/v2\/media?parent=571"}],"wp:term":[{"taxonomy":"product_brand","embeddable":true,"href":"https:\/\/ltk-belt.vn\/en\/wp-json\/wp\/v2\/product_brand?post=571"},{"taxonomy":"product_cat","embeddable":true,"href":"https:\/\/ltk-belt.vn\/en\/wp-json\/wp\/v2\/product_cat?post=571"},{"taxonomy":"product_tag","embeddable":true,"href":"https:\/\/ltk-belt.vn\/en\/wp-json\/wp\/v2\/product_tag?post=571"}],"curies":[{"name":"wp","href":"https:\/\/api.w.org\/{rel}","templated":true}]}}