{"id":572,"date":"2023-11-20T09:36:13","date_gmt":"2023-11-20T02:36:13","guid":{"rendered":"https:\/\/41746.phuha.vinawebsite.vn\/san-pham\/food-processing-industry\/"},"modified":"2023-11-20T09:36:13","modified_gmt":"2023-11-20T02:36:13","slug":"food-processing-industry","status":"publish","type":"product","link":"https:\/\/ltk-belt.vn\/en\/san-pham\/food-processing-industry\/","title":{"rendered":"Food Processing Industry"},"content":{"rendered":"<p><strong>Food processing<\/strong> has always been one of the important economic sectors with great development potential in Vietnam. However, up to now, in the field of agricultural product processing, there are only more than 7,500 enterprises participating, accounting for only nearly 1% of the total number of enterprises in the country, mainly small and medium scale. This is leading to a waste of domestic agricultural raw materials. The synchronous solutions proposed are to innovate mechanisms and policies; training to improve human resource qualifications; research, application, and transfer of scientific and technological advances;&#8230; But the most important thing is to meet food hygiene and safety issues in all stages of production.<\/p>\n<p>In response to requirements and trends related to the food industry, LTK company is proud to introduce the brand Food Conveyor Belt. <strong>Nitta &#8211; Japan<\/strong> Specialized in conveying foods, ensuring food safety and hygiene with a simple, easy-to-clean design. Conveyor belts are designed with Japanese standard PU and PVC ropes, operating smoothly without shock, minimizing food damage, especially vegetables, fruits, etc.<\/p>\n<p>In addition, the conveyor belt has a non-stick structure, ensuring food safety. Low energy consumption helps businesses save costs and operate stably &#8211; low noise so suitable for all working environments.<\/p>\n","protected":false},"excerpt":{"rendered":"<p>Food processing has always been one of the important economic sectors with great development potential in Vietnam. However, up to now, in the field of agricultural product processing, there are only more than 7,500 enterprises participating, accounting for only nearly 1% of the total number of enterprises in the country, mainly small and medium scale.<\/p>\n","protected":false},"featured_media":499,"comment_status":"open","ping_status":"closed","template":"","meta":[],"product_brand":[],"product_cat":[45],"product_tag":[],"class_list":{"0":"post-572","1":"product","2":"type-product","3":"status-publish","4":"has-post-thumbnail","6":"product_cat-career","8":"first","9":"instock","10":"shipping-taxable","11":"product-type-simple"},"acf":[],"yoast_head":"<!-- This site is optimized with the Yoast SEO plugin v25.1 - https:\/\/yoast.com\/wordpress\/plugins\/seo\/ -->\n<title>Food Processing Industry - C\u00d4NG TY TNHH LONG TH\u00c0NH KI\u00caN<\/title>\n<meta name=\"robots\" content=\"index, follow, max-snippet:-1, max-image-preview:large, max-video-preview:-1\" \/>\n<link rel=\"canonical\" href=\"https:\/\/ltk-belt.vn\/san-pham\/nganh-che-bien-thuc-pham\/\" \/>\n<meta property=\"og:locale\" content=\"en_US\" \/>\n<meta property=\"og:type\" content=\"article\" \/>\n<meta property=\"og:title\" content=\"Food Processing Industry - C\u00d4NG TY TNHH LONG TH\u00c0NH KI\u00caN\" \/>\n<meta property=\"og:description\" content=\"Food processing has always been one of the important economic sectors with great development potential in Vietnam. However, up to now, in the field of agricultural product processing, there are only more than 7,500 enterprises participating, accounting for only nearly 1% of the total number of enterprises in the country, mainly small and medium scale.\" \/>\n<meta property=\"og:url\" content=\"https:\/\/ltk-belt.vn\/san-pham\/nganh-che-bien-thuc-pham\/\" \/>\n<meta property=\"og:site_name\" content=\"C\u00d4NG TY TNHH LONG TH\u00c0NH KI\u00caN\" \/>\n<meta property=\"og:image\" content=\"https:\/\/ltk-belt.vn\/wp-content\/uploads\/2023\/11\/2LRAFP-IM.jpg\" \/>\n\t<meta property=\"og:image:width\" content=\"527\" \/>\n\t<meta property=\"og:image:height\" content=\"703\" \/>\n\t<meta property=\"og:image:type\" content=\"image\/jpeg\" \/>\n<meta name=\"twitter:card\" content=\"summary_large_image\" \/>\n<meta name=\"twitter:label1\" content=\"Est. reading time\" \/>\n\t<meta name=\"twitter:data1\" content=\"1 minute\" \/>\n<script type=\"application\/ld+json\" class=\"yoast-schema-graph\">{\"@context\":\"https:\/\/schema.org\",\"@graph\":[{\"@type\":\"WebPage\",\"@id\":\"https:\/\/ltk-belt.vn\/san-pham\/nganh-che-bien-thuc-pham\/\",\"url\":\"https:\/\/ltk-belt.vn\/san-pham\/nganh-che-bien-thuc-pham\/\",\"name\":\"Food Processing Industry - C\u00d4NG TY TNHH LONG TH\u00c0NH KI\u00caN\",\"isPartOf\":{\"@id\":\"https:\/\/ltk-belt.vn\/#website\"},\"primaryImageOfPage\":{\"@id\":\"https:\/\/ltk-belt.vn\/san-pham\/nganh-che-bien-thuc-pham\/#primaryimage\"},\"image\":{\"@id\":\"https:\/\/ltk-belt.vn\/san-pham\/nganh-che-bien-thuc-pham\/#primaryimage\"},\"thumbnailUrl\":\"https:\/\/ltk-belt.vn\/wp-content\/uploads\/2023\/11\/2LRAFP-IM.jpg\",\"datePublished\":\"2023-11-20T02:36:13+00:00\",\"breadcrumb\":{\"@id\":\"https:\/\/ltk-belt.vn\/san-pham\/nganh-che-bien-thuc-pham\/#breadcrumb\"},\"inLanguage\":\"en-US\",\"potentialAction\":[{\"@type\":\"ReadAction\",\"target\":[\"https:\/\/ltk-belt.vn\/san-pham\/nganh-che-bien-thuc-pham\/\"]}]},{\"@type\":\"ImageObject\",\"inLanguage\":\"en-US\",\"@id\":\"https:\/\/ltk-belt.vn\/san-pham\/nganh-che-bien-thuc-pham\/#primaryimage\",\"url\":\"https:\/\/ltk-belt.vn\/wp-content\/uploads\/2023\/11\/2LRAFP-IM.jpg\",\"contentUrl\":\"https:\/\/ltk-belt.vn\/wp-content\/uploads\/2023\/11\/2LRAFP-IM.jpg\",\"width\":527,\"height\":703},{\"@type\":\"BreadcrumbList\",\"@id\":\"https:\/\/ltk-belt.vn\/san-pham\/nganh-che-bien-thuc-pham\/#breadcrumb\",\"itemListElement\":[{\"@type\":\"ListItem\",\"position\":1,\"name\":\"\",\"item\":\"https:\/\/ltk-belt.vn\/en\/\"},{\"@type\":\"ListItem\",\"position\":2,\"name\":\"Shop\",\"item\":\"https:\/\/ltk-belt.vn\/cua-hang\/\"},{\"@type\":\"ListItem\",\"position\":3,\"name\":\"Food Processing Industry\"}]},{\"@type\":\"WebSite\",\"@id\":\"https:\/\/ltk-belt.vn\/#website\",\"url\":\"https:\/\/ltk-belt.vn\/\",\"name\":\"C\u00d4NG TY TNHH LONG TH\u00c0NH KI\u00caN\",\"description\":\"\",\"potentialAction\":[{\"@type\":\"SearchAction\",\"target\":{\"@type\":\"EntryPoint\",\"urlTemplate\":\"https:\/\/ltk-belt.vn\/?s={search_term_string}\"},\"query-input\":{\"@type\":\"PropertyValueSpecification\",\"valueRequired\":true,\"valueName\":\"search_term_string\"}}],\"inLanguage\":\"en-US\"}]}<\/script>\n<!-- \/ Yoast SEO plugin. -->","yoast_head_json":{"title":"Food Processing Industry - C\u00d4NG TY TNHH LONG TH\u00c0NH KI\u00caN","robots":{"index":"index","follow":"follow","max-snippet":"max-snippet:-1","max-image-preview":"max-image-preview:large","max-video-preview":"max-video-preview:-1"},"canonical":"https:\/\/ltk-belt.vn\/san-pham\/nganh-che-bien-thuc-pham\/","og_locale":"en_US","og_type":"article","og_title":"Food Processing Industry - C\u00d4NG TY TNHH LONG TH\u00c0NH KI\u00caN","og_description":"Food processing has always been one of the important economic sectors with great development potential in Vietnam. However, up to now, in the field of agricultural product processing, there are only more than 7,500 enterprises participating, accounting for only nearly 1% of the total number of enterprises in the country, mainly small and medium scale.","og_url":"https:\/\/ltk-belt.vn\/san-pham\/nganh-che-bien-thuc-pham\/","og_site_name":"C\u00d4NG TY TNHH LONG TH\u00c0NH KI\u00caN","og_image":[{"width":527,"height":703,"url":"https:\/\/ltk-belt.vn\/wp-content\/uploads\/2023\/11\/2LRAFP-IM.jpg","type":"image\/jpeg"}],"twitter_card":"summary_large_image","twitter_misc":{"Est. reading time":"1 minute"},"schema":{"@context":"https:\/\/schema.org","@graph":[{"@type":"WebPage","@id":"https:\/\/ltk-belt.vn\/san-pham\/nganh-che-bien-thuc-pham\/","url":"https:\/\/ltk-belt.vn\/san-pham\/nganh-che-bien-thuc-pham\/","name":"Food Processing Industry - C\u00d4NG TY TNHH LONG TH\u00c0NH KI\u00caN","isPartOf":{"@id":"https:\/\/ltk-belt.vn\/#website"},"primaryImageOfPage":{"@id":"https:\/\/ltk-belt.vn\/san-pham\/nganh-che-bien-thuc-pham\/#primaryimage"},"image":{"@id":"https:\/\/ltk-belt.vn\/san-pham\/nganh-che-bien-thuc-pham\/#primaryimage"},"thumbnailUrl":"https:\/\/ltk-belt.vn\/wp-content\/uploads\/2023\/11\/2LRAFP-IM.jpg","datePublished":"2023-11-20T02:36:13+00:00","breadcrumb":{"@id":"https:\/\/ltk-belt.vn\/san-pham\/nganh-che-bien-thuc-pham\/#breadcrumb"},"inLanguage":"en-US","potentialAction":[{"@type":"ReadAction","target":["https:\/\/ltk-belt.vn\/san-pham\/nganh-che-bien-thuc-pham\/"]}]},{"@type":"ImageObject","inLanguage":"en-US","@id":"https:\/\/ltk-belt.vn\/san-pham\/nganh-che-bien-thuc-pham\/#primaryimage","url":"https:\/\/ltk-belt.vn\/wp-content\/uploads\/2023\/11\/2LRAFP-IM.jpg","contentUrl":"https:\/\/ltk-belt.vn\/wp-content\/uploads\/2023\/11\/2LRAFP-IM.jpg","width":527,"height":703},{"@type":"BreadcrumbList","@id":"https:\/\/ltk-belt.vn\/san-pham\/nganh-che-bien-thuc-pham\/#breadcrumb","itemListElement":[{"@type":"ListItem","position":1,"name":"","item":"https:\/\/ltk-belt.vn\/en\/"},{"@type":"ListItem","position":2,"name":"Shop","item":"https:\/\/ltk-belt.vn\/cua-hang\/"},{"@type":"ListItem","position":3,"name":"Food Processing Industry"}]},{"@type":"WebSite","@id":"https:\/\/ltk-belt.vn\/#website","url":"https:\/\/ltk-belt.vn\/","name":"C\u00d4NG TY TNHH LONG TH\u00c0NH KI\u00caN","description":"","potentialAction":[{"@type":"SearchAction","target":{"@type":"EntryPoint","urlTemplate":"https:\/\/ltk-belt.vn\/?s={search_term_string}"},"query-input":{"@type":"PropertyValueSpecification","valueRequired":true,"valueName":"search_term_string"}}],"inLanguage":"en-US"}]}},"_links":{"self":[{"href":"https:\/\/ltk-belt.vn\/en\/wp-json\/wp\/v2\/product\/572","targetHints":{"allow":["GET"]}}],"collection":[{"href":"https:\/\/ltk-belt.vn\/en\/wp-json\/wp\/v2\/product"}],"about":[{"href":"https:\/\/ltk-belt.vn\/en\/wp-json\/wp\/v2\/types\/product"}],"replies":[{"embeddable":true,"href":"https:\/\/ltk-belt.vn\/en\/wp-json\/wp\/v2\/comments?post=572"}],"wp:featuredmedia":[{"embeddable":true,"href":"https:\/\/ltk-belt.vn\/en\/wp-json\/wp\/v2\/media\/499"}],"wp:attachment":[{"href":"https:\/\/ltk-belt.vn\/en\/wp-json\/wp\/v2\/media?parent=572"}],"wp:term":[{"taxonomy":"product_brand","embeddable":true,"href":"https:\/\/ltk-belt.vn\/en\/wp-json\/wp\/v2\/product_brand?post=572"},{"taxonomy":"product_cat","embeddable":true,"href":"https:\/\/ltk-belt.vn\/en\/wp-json\/wp\/v2\/product_cat?post=572"},{"taxonomy":"product_tag","embeddable":true,"href":"https:\/\/ltk-belt.vn\/en\/wp-json\/wp\/v2\/product_tag?post=572"}],"curies":[{"name":"wp","href":"https:\/\/api.w.org\/{rel}","templated":true}]}}