{"id":573,"date":"2023-11-20T09:45:28","date_gmt":"2023-11-20T02:45:28","guid":{"rendered":"https:\/\/41746.phuha.vinawebsite.vn\/san-pham\/electric-cable-industry\/"},"modified":"2023-11-20T09:45:28","modified_gmt":"2023-11-20T02:45:28","slug":"electric-cable-industry","status":"publish","type":"product","link":"https:\/\/ltk-belt.vn\/en\/san-pham\/electric-cable-industry\/","title":{"rendered":"Electric Cable Industry"},"content":{"rendered":"<p>The electric cable industry is considered the lifeblood of infrastructure, the cables produced must have the highest quality and safety. Continuous cable manufacturing process conditions are very demanding and problems are likely to occur. Therefore, cable machine suppliers and operators try to eliminate all production problems.<\/p>\n<p>With many years of experience in providing Drive Belts for electric cable factories in Vietnam. LTK Company always puts quality and customer satisfaction first. Our wire ropes meet all standards used in the cable industry such as: maximum stable pulleys, heat resistance in harsh conditions during the production process as well as good durability and high abrasion resistance.<\/p>\n","protected":false},"excerpt":{"rendered":"<p>The electric cable industry is considered the lifeblood of infrastructure, the cables produced must have the highest quality and safety. Continuous cable manufacturing process conditions are very demanding and problems are likely to occur. Therefore, cable machine suppliers and operators try to eliminate all production problems. With many years of experience in providing Drive Belts<\/p>\n","protected":false},"featured_media":508,"comment_status":"open","ping_status":"closed","template":"","meta":[],"product_brand":[],"product_cat":[45],"product_tag":[],"class_list":{"0":"post-573","1":"product","2":"type-product","3":"status-publish","4":"has-post-thumbnail","6":"product_cat-career","8":"first","9":"instock","10":"shipping-taxable","11":"product-type-simple"},"acf":[],"yoast_head":"<!-- This site is optimized with the Yoast SEO plugin v25.1 - https:\/\/yoast.com\/wordpress\/plugins\/seo\/ -->\n<title>Electric Cable Industry - C\u00d4NG TY TNHH LONG TH\u00c0NH KI\u00caN<\/title>\n<meta name=\"robots\" content=\"index, follow, max-snippet:-1, max-image-preview:large, max-video-preview:-1\" \/>\n<link rel=\"canonical\" href=\"https:\/\/ltk-belt.vn\/san-pham\/nganh-cap-dien\/\" \/>\n<meta property=\"og:locale\" content=\"en_US\" \/>\n<meta property=\"og:type\" content=\"article\" \/>\n<meta property=\"og:title\" content=\"Electric Cable Industry - C\u00d4NG TY TNHH LONG TH\u00c0NH KI\u00caN\" \/>\n<meta property=\"og:description\" content=\"The electric cable industry is considered the lifeblood of infrastructure, the cables produced must have the highest quality and safety. Continuous cable manufacturing process conditions are very demanding and problems are likely to occur. Therefore, cable machine suppliers and operators try to eliminate all production problems. With many years of experience in providing Drive Belts\" \/>\n<meta property=\"og:url\" content=\"https:\/\/ltk-belt.vn\/san-pham\/nganh-cap-dien\/\" \/>\n<meta property=\"og:site_name\" content=\"C\u00d4NG TY TNHH LONG TH\u00c0NH KI\u00caN\" \/>\n<meta property=\"og:image\" content=\"https:\/\/ltk-belt.vn\/wp-content\/uploads\/2023\/11\/L-1000-1.jpg\" \/>\n\t<meta property=\"og:image:width\" content=\"558\" \/>\n\t<meta property=\"og:image:height\" content=\"660\" \/>\n\t<meta property=\"og:image:type\" content=\"image\/jpeg\" \/>\n<meta name=\"twitter:card\" content=\"summary_large_image\" \/>\n<meta name=\"twitter:label1\" content=\"Est. reading time\" \/>\n\t<meta name=\"twitter:data1\" content=\"1 minute\" \/>\n<script type=\"application\/ld+json\" class=\"yoast-schema-graph\">{\"@context\":\"https:\/\/schema.org\",\"@graph\":[{\"@type\":\"WebPage\",\"@id\":\"https:\/\/ltk-belt.vn\/san-pham\/nganh-cap-dien\/\",\"url\":\"https:\/\/ltk-belt.vn\/san-pham\/nganh-cap-dien\/\",\"name\":\"Electric Cable Industry - C\u00d4NG TY TNHH LONG TH\u00c0NH KI\u00caN\",\"isPartOf\":{\"@id\":\"https:\/\/ltk-belt.vn\/#website\"},\"primaryImageOfPage\":{\"@id\":\"https:\/\/ltk-belt.vn\/san-pham\/nganh-cap-dien\/#primaryimage\"},\"image\":{\"@id\":\"https:\/\/ltk-belt.vn\/san-pham\/nganh-cap-dien\/#primaryimage\"},\"thumbnailUrl\":\"https:\/\/ltk-belt.vn\/wp-content\/uploads\/2023\/11\/L-1000-1.jpg\",\"datePublished\":\"2023-11-20T02:45:28+00:00\",\"breadcrumb\":{\"@id\":\"https:\/\/ltk-belt.vn\/san-pham\/nganh-cap-dien\/#breadcrumb\"},\"inLanguage\":\"en-US\",\"potentialAction\":[{\"@type\":\"ReadAction\",\"target\":[\"https:\/\/ltk-belt.vn\/san-pham\/nganh-cap-dien\/\"]}]},{\"@type\":\"ImageObject\",\"inLanguage\":\"en-US\",\"@id\":\"https:\/\/ltk-belt.vn\/san-pham\/nganh-cap-dien\/#primaryimage\",\"url\":\"https:\/\/ltk-belt.vn\/wp-content\/uploads\/2023\/11\/L-1000-1.jpg\",\"contentUrl\":\"https:\/\/ltk-belt.vn\/wp-content\/uploads\/2023\/11\/L-1000-1.jpg\",\"width\":558,\"height\":660},{\"@type\":\"BreadcrumbList\",\"@id\":\"https:\/\/ltk-belt.vn\/san-pham\/nganh-cap-dien\/#breadcrumb\",\"itemListElement\":[{\"@type\":\"ListItem\",\"position\":1,\"name\":\"\",\"item\":\"https:\/\/ltk-belt.vn\/en\/\"},{\"@type\":\"ListItem\",\"position\":2,\"name\":\"Shop\",\"item\":\"https:\/\/ltk-belt.vn\/cua-hang\/\"},{\"@type\":\"ListItem\",\"position\":3,\"name\":\"Electric Cable Industry\"}]},{\"@type\":\"WebSite\",\"@id\":\"https:\/\/ltk-belt.vn\/#website\",\"url\":\"https:\/\/ltk-belt.vn\/\",\"name\":\"C\u00d4NG TY TNHH LONG TH\u00c0NH KI\u00caN\",\"description\":\"\",\"potentialAction\":[{\"@type\":\"SearchAction\",\"target\":{\"@type\":\"EntryPoint\",\"urlTemplate\":\"https:\/\/ltk-belt.vn\/?s={search_term_string}\"},\"query-input\":{\"@type\":\"PropertyValueSpecification\",\"valueRequired\":true,\"valueName\":\"search_term_string\"}}],\"inLanguage\":\"en-US\"}]}<\/script>\n<!-- \/ Yoast SEO plugin. -->","yoast_head_json":{"title":"Electric Cable Industry - C\u00d4NG TY TNHH LONG TH\u00c0NH KI\u00caN","robots":{"index":"index","follow":"follow","max-snippet":"max-snippet:-1","max-image-preview":"max-image-preview:large","max-video-preview":"max-video-preview:-1"},"canonical":"https:\/\/ltk-belt.vn\/san-pham\/nganh-cap-dien\/","og_locale":"en_US","og_type":"article","og_title":"Electric Cable Industry - C\u00d4NG TY TNHH LONG TH\u00c0NH KI\u00caN","og_description":"The electric cable industry is considered the lifeblood of infrastructure, the cables produced must have the highest quality and safety. Continuous cable manufacturing process conditions are very demanding and problems are likely to occur. Therefore, cable machine suppliers and operators try to eliminate all production problems. With many years of experience in providing Drive Belts","og_url":"https:\/\/ltk-belt.vn\/san-pham\/nganh-cap-dien\/","og_site_name":"C\u00d4NG TY TNHH LONG TH\u00c0NH KI\u00caN","og_image":[{"width":558,"height":660,"url":"https:\/\/ltk-belt.vn\/wp-content\/uploads\/2023\/11\/L-1000-1.jpg","type":"image\/jpeg"}],"twitter_card":"summary_large_image","twitter_misc":{"Est. reading time":"1 minute"},"schema":{"@context":"https:\/\/schema.org","@graph":[{"@type":"WebPage","@id":"https:\/\/ltk-belt.vn\/san-pham\/nganh-cap-dien\/","url":"https:\/\/ltk-belt.vn\/san-pham\/nganh-cap-dien\/","name":"Electric Cable Industry - C\u00d4NG TY TNHH LONG TH\u00c0NH KI\u00caN","isPartOf":{"@id":"https:\/\/ltk-belt.vn\/#website"},"primaryImageOfPage":{"@id":"https:\/\/ltk-belt.vn\/san-pham\/nganh-cap-dien\/#primaryimage"},"image":{"@id":"https:\/\/ltk-belt.vn\/san-pham\/nganh-cap-dien\/#primaryimage"},"thumbnailUrl":"https:\/\/ltk-belt.vn\/wp-content\/uploads\/2023\/11\/L-1000-1.jpg","datePublished":"2023-11-20T02:45:28+00:00","breadcrumb":{"@id":"https:\/\/ltk-belt.vn\/san-pham\/nganh-cap-dien\/#breadcrumb"},"inLanguage":"en-US","potentialAction":[{"@type":"ReadAction","target":["https:\/\/ltk-belt.vn\/san-pham\/nganh-cap-dien\/"]}]},{"@type":"ImageObject","inLanguage":"en-US","@id":"https:\/\/ltk-belt.vn\/san-pham\/nganh-cap-dien\/#primaryimage","url":"https:\/\/ltk-belt.vn\/wp-content\/uploads\/2023\/11\/L-1000-1.jpg","contentUrl":"https:\/\/ltk-belt.vn\/wp-content\/uploads\/2023\/11\/L-1000-1.jpg","width":558,"height":660},{"@type":"BreadcrumbList","@id":"https:\/\/ltk-belt.vn\/san-pham\/nganh-cap-dien\/#breadcrumb","itemListElement":[{"@type":"ListItem","position":1,"name":"","item":"https:\/\/ltk-belt.vn\/en\/"},{"@type":"ListItem","position":2,"name":"Shop","item":"https:\/\/ltk-belt.vn\/cua-hang\/"},{"@type":"ListItem","position":3,"name":"Electric Cable Industry"}]},{"@type":"WebSite","@id":"https:\/\/ltk-belt.vn\/#website","url":"https:\/\/ltk-belt.vn\/","name":"C\u00d4NG TY TNHH LONG TH\u00c0NH KI\u00caN","description":"","potentialAction":[{"@type":"SearchAction","target":{"@type":"EntryPoint","urlTemplate":"https:\/\/ltk-belt.vn\/?s={search_term_string}"},"query-input":{"@type":"PropertyValueSpecification","valueRequired":true,"valueName":"search_term_string"}}],"inLanguage":"en-US"}]}},"_links":{"self":[{"href":"https:\/\/ltk-belt.vn\/en\/wp-json\/wp\/v2\/product\/573","targetHints":{"allow":["GET"]}}],"collection":[{"href":"https:\/\/ltk-belt.vn\/en\/wp-json\/wp\/v2\/product"}],"about":[{"href":"https:\/\/ltk-belt.vn\/en\/wp-json\/wp\/v2\/types\/product"}],"replies":[{"embeddable":true,"href":"https:\/\/ltk-belt.vn\/en\/wp-json\/wp\/v2\/comments?post=573"}],"wp:featuredmedia":[{"embeddable":true,"href":"https:\/\/ltk-belt.vn\/en\/wp-json\/wp\/v2\/media\/508"}],"wp:attachment":[{"href":"https:\/\/ltk-belt.vn\/en\/wp-json\/wp\/v2\/media?parent=573"}],"wp:term":[{"taxonomy":"product_brand","embeddable":true,"href":"https:\/\/ltk-belt.vn\/en\/wp-json\/wp\/v2\/product_brand?post=573"},{"taxonomy":"product_cat","embeddable":true,"href":"https:\/\/ltk-belt.vn\/en\/wp-json\/wp\/v2\/product_cat?post=573"},{"taxonomy":"product_tag","embeddable":true,"href":"https:\/\/ltk-belt.vn\/en\/wp-json\/wp\/v2\/product_tag?post=573"}],"curies":[{"name":"wp","href":"https:\/\/api.w.org\/{rel}","templated":true}]}}