{"id":574,"date":"2023-11-20T09:53:30","date_gmt":"2023-11-20T02:53:30","guid":{"rendered":"https:\/\/41746.phuha.vinawebsite.vn\/san-pham\/other-industries\/"},"modified":"2023-11-20T09:53:30","modified_gmt":"2023-11-20T02:53:30","slug":"other-industries","status":"publish","type":"product","link":"https:\/\/ltk-belt.vn\/en\/san-pham\/other-industries\/","title":{"rendered":"Other industries"},"content":{"rendered":"<p>In addition to providing Belts &#8211; Conveyors for the Printing, Packaging, Textile, Electric Cable, Solar Battery, Electronic and CNC components manufacturing industries, LTK Company also provides ropes for other industries such as mattress manufacturing. foam, aluminum profiles, airports, steel production, mail sorting&#8230;<\/p>\n","protected":false},"excerpt":{"rendered":"<p>In addition to providing Belts &#8211; Conveyors for the Printing, Packaging, Textile, Electric Cable, Solar Battery, Electronic and CNC components manufacturing industries, LTK Company also provides ropes for other industries such as mattress manufacturing. foam, aluminum profiles, airports, steel production, mail sorting&#8230;<\/p>\n","protected":false},"featured_media":523,"comment_status":"open","ping_status":"closed","template":"","meta":[],"product_brand":[],"product_cat":[45],"product_tag":[],"class_list":{"0":"post-574","1":"product","2":"type-product","3":"status-publish","4":"has-post-thumbnail","6":"product_cat-career","8":"first","9":"instock","10":"shipping-taxable","11":"product-type-simple"},"acf":[],"yoast_head":"<!-- This site is optimized with the Yoast SEO plugin v25.1 - https:\/\/yoast.com\/wordpress\/plugins\/seo\/ -->\n<title>Other industries - C\u00d4NG TY TNHH LONG TH\u00c0NH KI\u00caN<\/title>\n<meta name=\"robots\" content=\"index, follow, max-snippet:-1, max-image-preview:large, max-video-preview:-1\" \/>\n<link rel=\"canonical\" href=\"https:\/\/ltk-belt.vn\/san-pham\/cac-nganh-khac\/\" \/>\n<meta property=\"og:locale\" content=\"en_US\" \/>\n<meta property=\"og:type\" content=\"article\" \/>\n<meta property=\"og:title\" content=\"Other industries - C\u00d4NG TY TNHH LONG TH\u00c0NH KI\u00caN\" \/>\n<meta property=\"og:description\" content=\"In addition to providing Belts &#8211; Conveyors for the Printing, Packaging, Textile, Electric Cable, Solar Battery, Electronic and CNC components manufacturing industries, LTK Company also provides ropes for other industries such as mattress manufacturing. foam, aluminum profiles, airports, steel production, mail sorting&#8230;\" \/>\n<meta property=\"og:url\" content=\"https:\/\/ltk-belt.vn\/san-pham\/cac-nganh-khac\/\" \/>\n<meta property=\"og:site_name\" content=\"C\u00d4NG TY TNHH LONG TH\u00c0NH KI\u00caN\" \/>\n<meta property=\"og:image\" content=\"https:\/\/ltk-belt.vn\/wp-content\/uploads\/2023\/11\/2-LRAWF-1310-GP.jpg\" \/>\n\t<meta property=\"og:image:width\" content=\"960\" \/>\n\t<meta property=\"og:image:height\" content=\"720\" \/>\n\t<meta property=\"og:image:type\" content=\"image\/jpeg\" \/>\n<meta name=\"twitter:card\" content=\"summary_large_image\" \/>\n<script type=\"application\/ld+json\" class=\"yoast-schema-graph\">{\"@context\":\"https:\/\/schema.org\",\"@graph\":[{\"@type\":\"WebPage\",\"@id\":\"https:\/\/ltk-belt.vn\/san-pham\/cac-nganh-khac\/\",\"url\":\"https:\/\/ltk-belt.vn\/san-pham\/cac-nganh-khac\/\",\"name\":\"Other industries - C\u00d4NG TY TNHH LONG TH\u00c0NH KI\u00caN\",\"isPartOf\":{\"@id\":\"https:\/\/ltk-belt.vn\/#website\"},\"primaryImageOfPage\":{\"@id\":\"https:\/\/ltk-belt.vn\/san-pham\/cac-nganh-khac\/#primaryimage\"},\"image\":{\"@id\":\"https:\/\/ltk-belt.vn\/san-pham\/cac-nganh-khac\/#primaryimage\"},\"thumbnailUrl\":\"https:\/\/ltk-belt.vn\/wp-content\/uploads\/2023\/11\/2-LRAWF-1310-GP.jpg\",\"datePublished\":\"2023-11-20T02:53:30+00:00\",\"breadcrumb\":{\"@id\":\"https:\/\/ltk-belt.vn\/san-pham\/cac-nganh-khac\/#breadcrumb\"},\"inLanguage\":\"en-US\",\"potentialAction\":[{\"@type\":\"ReadAction\",\"target\":[\"https:\/\/ltk-belt.vn\/san-pham\/cac-nganh-khac\/\"]}]},{\"@type\":\"ImageObject\",\"inLanguage\":\"en-US\",\"@id\":\"https:\/\/ltk-belt.vn\/san-pham\/cac-nganh-khac\/#primaryimage\",\"url\":\"https:\/\/ltk-belt.vn\/wp-content\/uploads\/2023\/11\/2-LRAWF-1310-GP.jpg\",\"contentUrl\":\"https:\/\/ltk-belt.vn\/wp-content\/uploads\/2023\/11\/2-LRAWF-1310-GP.jpg\",\"width\":960,\"height\":720},{\"@type\":\"BreadcrumbList\",\"@id\":\"https:\/\/ltk-belt.vn\/san-pham\/cac-nganh-khac\/#breadcrumb\",\"itemListElement\":[{\"@type\":\"ListItem\",\"position\":1,\"name\":\"\",\"item\":\"https:\/\/ltk-belt.vn\/en\/\"},{\"@type\":\"ListItem\",\"position\":2,\"name\":\"Shop\",\"item\":\"https:\/\/ltk-belt.vn\/cua-hang\/\"},{\"@type\":\"ListItem\",\"position\":3,\"name\":\"Other industries\"}]},{\"@type\":\"WebSite\",\"@id\":\"https:\/\/ltk-belt.vn\/#website\",\"url\":\"https:\/\/ltk-belt.vn\/\",\"name\":\"C\u00d4NG TY TNHH LONG TH\u00c0NH KI\u00caN\",\"description\":\"\",\"potentialAction\":[{\"@type\":\"SearchAction\",\"target\":{\"@type\":\"EntryPoint\",\"urlTemplate\":\"https:\/\/ltk-belt.vn\/?s={search_term_string}\"},\"query-input\":{\"@type\":\"PropertyValueSpecification\",\"valueRequired\":true,\"valueName\":\"search_term_string\"}}],\"inLanguage\":\"en-US\"}]}<\/script>\n<!-- \/ Yoast SEO plugin. -->","yoast_head_json":{"title":"Other industries - C\u00d4NG TY TNHH LONG TH\u00c0NH KI\u00caN","robots":{"index":"index","follow":"follow","max-snippet":"max-snippet:-1","max-image-preview":"max-image-preview:large","max-video-preview":"max-video-preview:-1"},"canonical":"https:\/\/ltk-belt.vn\/san-pham\/cac-nganh-khac\/","og_locale":"en_US","og_type":"article","og_title":"Other industries - C\u00d4NG TY TNHH LONG TH\u00c0NH KI\u00caN","og_description":"In addition to providing Belts &#8211; Conveyors for the Printing, Packaging, Textile, Electric Cable, Solar Battery, Electronic and CNC components manufacturing industries, LTK Company also provides ropes for other industries such as mattress manufacturing. foam, aluminum profiles, airports, steel production, mail sorting&#8230;","og_url":"https:\/\/ltk-belt.vn\/san-pham\/cac-nganh-khac\/","og_site_name":"C\u00d4NG TY TNHH LONG TH\u00c0NH KI\u00caN","og_image":[{"width":960,"height":720,"url":"https:\/\/ltk-belt.vn\/wp-content\/uploads\/2023\/11\/2-LRAWF-1310-GP.jpg","type":"image\/jpeg"}],"twitter_card":"summary_large_image","schema":{"@context":"https:\/\/schema.org","@graph":[{"@type":"WebPage","@id":"https:\/\/ltk-belt.vn\/san-pham\/cac-nganh-khac\/","url":"https:\/\/ltk-belt.vn\/san-pham\/cac-nganh-khac\/","name":"Other industries - C\u00d4NG TY TNHH LONG TH\u00c0NH KI\u00caN","isPartOf":{"@id":"https:\/\/ltk-belt.vn\/#website"},"primaryImageOfPage":{"@id":"https:\/\/ltk-belt.vn\/san-pham\/cac-nganh-khac\/#primaryimage"},"image":{"@id":"https:\/\/ltk-belt.vn\/san-pham\/cac-nganh-khac\/#primaryimage"},"thumbnailUrl":"https:\/\/ltk-belt.vn\/wp-content\/uploads\/2023\/11\/2-LRAWF-1310-GP.jpg","datePublished":"2023-11-20T02:53:30+00:00","breadcrumb":{"@id":"https:\/\/ltk-belt.vn\/san-pham\/cac-nganh-khac\/#breadcrumb"},"inLanguage":"en-US","potentialAction":[{"@type":"ReadAction","target":["https:\/\/ltk-belt.vn\/san-pham\/cac-nganh-khac\/"]}]},{"@type":"ImageObject","inLanguage":"en-US","@id":"https:\/\/ltk-belt.vn\/san-pham\/cac-nganh-khac\/#primaryimage","url":"https:\/\/ltk-belt.vn\/wp-content\/uploads\/2023\/11\/2-LRAWF-1310-GP.jpg","contentUrl":"https:\/\/ltk-belt.vn\/wp-content\/uploads\/2023\/11\/2-LRAWF-1310-GP.jpg","width":960,"height":720},{"@type":"BreadcrumbList","@id":"https:\/\/ltk-belt.vn\/san-pham\/cac-nganh-khac\/#breadcrumb","itemListElement":[{"@type":"ListItem","position":1,"name":"","item":"https:\/\/ltk-belt.vn\/en\/"},{"@type":"ListItem","position":2,"name":"Shop","item":"https:\/\/ltk-belt.vn\/cua-hang\/"},{"@type":"ListItem","position":3,"name":"Other industries"}]},{"@type":"WebSite","@id":"https:\/\/ltk-belt.vn\/#website","url":"https:\/\/ltk-belt.vn\/","name":"C\u00d4NG TY TNHH LONG TH\u00c0NH KI\u00caN","description":"","potentialAction":[{"@type":"SearchAction","target":{"@type":"EntryPoint","urlTemplate":"https:\/\/ltk-belt.vn\/?s={search_term_string}"},"query-input":{"@type":"PropertyValueSpecification","valueRequired":true,"valueName":"search_term_string"}}],"inLanguage":"en-US"}]}},"_links":{"self":[{"href":"https:\/\/ltk-belt.vn\/en\/wp-json\/wp\/v2\/product\/574","targetHints":{"allow":["GET"]}}],"collection":[{"href":"https:\/\/ltk-belt.vn\/en\/wp-json\/wp\/v2\/product"}],"about":[{"href":"https:\/\/ltk-belt.vn\/en\/wp-json\/wp\/v2\/types\/product"}],"replies":[{"embeddable":true,"href":"https:\/\/ltk-belt.vn\/en\/wp-json\/wp\/v2\/comments?post=574"}],"wp:featuredmedia":[{"embeddable":true,"href":"https:\/\/ltk-belt.vn\/en\/wp-json\/wp\/v2\/media\/523"}],"wp:attachment":[{"href":"https:\/\/ltk-belt.vn\/en\/wp-json\/wp\/v2\/media?parent=574"}],"wp:term":[{"taxonomy":"product_brand","embeddable":true,"href":"https:\/\/ltk-belt.vn\/en\/wp-json\/wp\/v2\/product_brand?post=574"},{"taxonomy":"product_cat","embeddable":true,"href":"https:\/\/ltk-belt.vn\/en\/wp-json\/wp\/v2\/product_cat?post=574"},{"taxonomy":"product_tag","embeddable":true,"href":"https:\/\/ltk-belt.vn\/en\/wp-json\/wp\/v2\/product_tag?post=574"}],"curies":[{"name":"wp","href":"https:\/\/api.w.org\/{rel}","templated":true}]}}